{"id":52,"date":"2025-01-21T13:15:51","date_gmt":"2025-01-21T12:15:51","guid":{"rendered":"http:\/\/blhhjsx.cluster100.hosting.ovh.net\/?page_id=52"},"modified":"2025-01-30T20:14:50","modified_gmt":"2025-01-30T19:14:50","slug":"polityka-prywatnosci","status":"publish","type":"page","link":"https:\/\/blue-bird.pl\/index.php\/polityka-prywatnosci\/","title":{"rendered":"Polityka prywatno\u015bci"},"content":{"rendered":"\t\t<div data-elementor-type=\"wp-post\" data-elementor-id=\"52\" class=\"elementor elementor-52\">\n\t\t\t\t<div class=\"elementor-element elementor-element-b7288c9 e-flex e-con-boxed e-con e-parent\" data-id=\"b7288c9\" data-element_type=\"container\">\n\t\t\t\t\t<div class=\"e-con-inner\">\n\t\t\t\t<div class=\"elementor-element elementor-element-45b1f44 elementor-widget elementor-widget-text-editor\" data-id=\"45b1f44\" data-element_type=\"widget\" data-widget_type=\"text-editor.default\">\n\t\t\t\t<div class=\"elementor-widget-container\">\n\t\t\t\t\t\t\t\t\t<h4 data-pm-slice=\"1 1 []\"><strong>1. Postanowienia og\u00f3lne<\/strong><\/h4><p>1.1. Niniejsza Polityka Prywatno\u015bci okre\u015bla zasady przetwarzania i ochrony danych osobowych przekazanych przez u\u017cytkownik\u00f3w w zwi\u0105zku z korzystaniem z witryny internetowej blue-bird.pl (dalej: &#8222;Witryna&#8221;).<\/p><p>1.2. Administratorem danych osobowych jest . Blue Bird, ul. Grodzka 4\/4, 58-100 \u015awidnica, NIP: 8842189410, REGON: 020540637 (dalej: &#8222;Administrator&#8221;).<\/p>\t\t\t\t\t\t\t\t<\/div>\n\t\t\t\t<\/div>\n\t\t\t\t<div class=\"elementor-element elementor-element-d70d1e4 elementor-widget elementor-widget-text-editor\" data-id=\"d70d1e4\" data-element_type=\"widget\" data-widget_type=\"text-editor.default\">\n\t\t\t\t<div class=\"elementor-widget-container\">\n\t\t\t\t\t\t\t\t\t<h4 data-pm-slice=\"1 3 []\"><strong>2. Zakres zbieranych danych osobowych<\/strong><\/h4><p>2.1. Witryna zbiera dane osobowe podane dobrowolnie przez u\u017cytkownik\u00f3w, takie jak:<\/p><ul data-spread=\"false\"><li><p>imi\u0119 i nazwisko,<\/p><\/li><li><p>adres e-mail,<\/p><\/li><li><p>numer telefonu,<\/p><\/li><li><p>adres do wysy\u0142ki (w przypadku zam\u00f3wie\u0144),<\/p><\/li><li><p>inne dane niezb\u0119dne do realizacji us\u0142ug oferowanych przez Witryn\u0119.<\/p><\/li><\/ul><p>2.2. Witryna mo\u017ce automatycznie zbiera\u0107 dane techniczne, takie jak:<\/p><ul data-spread=\"false\"><li><p>adres IP,<\/p><\/li><li><p>typ przegl\u0105darki,<\/p><\/li><li><p>czas dost\u0119pu,<\/p><\/li><li><p>pliki cookies.<\/p><\/li><\/ul>\t\t\t\t\t\t\t\t<\/div>\n\t\t\t\t<\/div>\n\t\t\t\t<div class=\"elementor-element elementor-element-a8f79e7 elementor-widget elementor-widget-text-editor\" data-id=\"a8f79e7\" data-element_type=\"widget\" data-widget_type=\"text-editor.default\">\n\t\t\t\t<div class=\"elementor-widget-container\">\n\t\t\t\t\t\t\t\t\t<h4 data-pm-slice=\"1 3 []\"><strong>3. Cele przetwarzania danych<\/strong><\/h4><p>3.1. Dane osobowe przetwarzane s\u0105 w celu:<\/p><ul data-spread=\"false\"><li><p>realizacji zam\u00f3wie\u0144 i \u015bwiadczenia us\u0142ug oferowanych przez Witryn\u0119,<\/p><\/li><li><p>kontaktu z u\u017cytkownikami,<\/p><\/li><li><p>prowadzenia dzia\u0142a\u0144 marketingowych i promocyjnych (za zgod\u0105 u\u017cytkownika),<\/p><\/li><li><p>analizy ruchu na stronie i poprawy jej funkcjonalno\u015bci,<\/p><\/li><li><p>spe\u0142nienia obowi\u0105zk\u00f3w prawnych ci\u0105\u017c\u0105cych na Administratorze.<\/p><\/li><\/ul>\t\t\t\t\t\t\t\t<\/div>\n\t\t\t\t<\/div>\n\t\t\t\t<div class=\"elementor-element elementor-element-1b0094c elementor-widget elementor-widget-text-editor\" data-id=\"1b0094c\" data-element_type=\"widget\" data-widget_type=\"text-editor.default\">\n\t\t\t\t<div class=\"elementor-widget-container\">\n\t\t\t\t\t\t\t\t\t<h4 data-pm-slice=\"1 3 []\"><strong>4. Podstawa prawna przetwarzania danych<\/strong><\/h4><p>4.1. Dane osobowe przetwarzane s\u0105 zgodnie z:<\/p><ul data-spread=\"false\"><li><p>Rozporz\u0105dzeniem Parlamentu Europejskiego i Rady (UE) 2016\/679 z dnia 27 kwietnia 2016 r. (RODO),<\/p><\/li><li><p>Ustaw\u0105 z dnia 10 maja 2018 r. o ochronie danych osobowych.<\/p><\/li><\/ul>\t\t\t\t\t\t\t\t<\/div>\n\t\t\t\t<\/div>\n\t\t\t\t<div class=\"elementor-element elementor-element-408f47e elementor-widget elementor-widget-text-editor\" data-id=\"408f47e\" data-element_type=\"widget\" data-widget_type=\"text-editor.default\">\n\t\t\t\t<div class=\"elementor-widget-container\">\n\t\t\t\t\t\t\t\t\t<h4 data-pm-slice=\"1 3 []\"><strong>5. Udost\u0119pnianie danych<\/strong><\/h4><p>5.1. Administrator nie udost\u0119pnia danych osobowych osobom trzecim, z wy\u0142\u0105czeniem sytuacji, gdy:<\/p><ul data-spread=\"false\"><li><p>jest to niezb\u0119dne do realizacji us\u0142ugi (np. firmom kurierskim, operatorom p\u0142atno\u015bci),<\/p><\/li><li><p>wymagaj\u0105 tego przepisy prawa,<\/p><\/li><li><p>u\u017cytkownik wyrazi\u0142 na to zgod\u0119.<\/p><\/li><\/ul>\t\t\t\t\t\t\t\t<\/div>\n\t\t\t\t<\/div>\n\t\t\t\t<div class=\"elementor-element elementor-element-817f17b elementor-widget elementor-widget-text-editor\" data-id=\"817f17b\" data-element_type=\"widget\" data-widget_type=\"text-editor.default\">\n\t\t\t\t<div class=\"elementor-widget-container\">\n\t\t\t\t\t\t\t\t\t<h4 data-pm-slice=\"1 3 []\"><strong>6. Prawa u\u017cytkownika<\/strong><\/h4><p>6.1. U\u017cytkownik ma prawo do:<\/p><ul data-spread=\"false\"><li><p>dost\u0119pu do swoich danych osobowych,<\/p><\/li><li><p>ich sprostowania, usuni\u0119cia lub ograniczenia przetwarzania,<\/p><\/li><li><p>wniesienia sprzeciwu wobec przetwarzania danych,<\/p><\/li><li><p>przenoszenia danych,<\/p><\/li><li><p>cofni\u0119cia zgody na przetwarzanie danych (je\u015bli zgoda by\u0142a podstaw\u0105 przetwarzania),<\/p><\/li><li><p>wniesienia skargi do organu nadzorczego (Prezes Urz\u0119du Ochrony Danych Osobowych).<\/p><\/li><\/ul>\t\t\t\t\t\t\t\t<\/div>\n\t\t\t\t<\/div>\n\t\t\t\t<div class=\"elementor-element elementor-element-602b0d4 elementor-widget elementor-widget-text-editor\" data-id=\"602b0d4\" data-element_type=\"widget\" data-widget_type=\"text-editor.default\">\n\t\t\t\t<div class=\"elementor-widget-container\">\n\t\t\t\t\t\t\t\t\t<h4 data-pm-slice=\"1 1 []\"><strong>7. Pliki cookies<\/strong><\/h4><p>7.1. Witryna korzysta z plik\u00f3w cookies w celu:<\/p><ul data-spread=\"false\"><li><p>zapewnienia prawid\u0142owego funkcjonowania strony,<\/p><\/li><li><p>personalizacji tre\u015bci,<\/p><\/li><li><p>analizy ruchu na stronie.<\/p><\/li><\/ul><p>7.2. U\u017cytkownik mo\u017ce zarz\u0105dza\u0107 plikami cookies za pomoc\u0105 ustawie\u0144 przegl\u0105darki internetowej.<\/p>\t\t\t\t\t\t\t\t<\/div>\n\t\t\t\t<\/div>\n\t\t\t\t<div class=\"elementor-element elementor-element-d8be8e7 elementor-widget elementor-widget-text-editor\" data-id=\"d8be8e7\" data-element_type=\"widget\" data-widget_type=\"text-editor.default\">\n\t\t\t\t<div class=\"elementor-widget-container\">\n\t\t\t\t\t\t\t\t\t<h4 data-pm-slice=\"1 1 []\"><strong>8. Okres przechowywania danych<\/strong><\/h4><p>8.1. Dane osobowe przechowywane s\u0105 przez okres niezb\u0119dny do realizacji cel\u00f3w, dla kt\u00f3rych zosta\u0142y zebrane, lub zgodnie z obowi\u0105zuj\u0105cymi przepisami prawa.<\/p>\t\t\t\t\t\t\t\t<\/div>\n\t\t\t\t<\/div>\n\t\t\t\t<div class=\"elementor-element elementor-element-9221445 elementor-widget elementor-widget-text-editor\" data-id=\"9221445\" data-element_type=\"widget\" data-widget_type=\"text-editor.default\">\n\t\t\t\t<div class=\"elementor-widget-container\">\n\t\t\t\t\t\t\t\t\t<h4 data-pm-slice=\"1 1 []\"><strong>9. \u015arodki ochrony danych<\/strong><\/h4><p>9.1. Administrator stosuje odpowiednie \u015brodki techniczne i organizacyjne w celu ochrony danych osobowych przed nieuprawnionym dost\u0119pem, utrat\u0105, zniszczeniem lub modyfikacj\u0105.<\/p>\t\t\t\t\t\t\t\t<\/div>\n\t\t\t\t<\/div>\n\t\t\t\t<div class=\"elementor-element elementor-element-86726b9 elementor-widget elementor-widget-text-editor\" data-id=\"86726b9\" data-element_type=\"widget\" data-widget_type=\"text-editor.default\">\n\t\t\t\t<div class=\"elementor-widget-container\">\n\t\t\t\t\t\t\t\t\t<h4 data-pm-slice=\"1 1 []\"><strong>10. Kontakt<\/strong><\/h4><p>10.1. W sprawach zwi\u0105zanych z przetwarzaniem danych osobowych prosimy o kontakt pod adresem e-mail: agata@blue-bird.pl lub telefonicznie: (+48) 517 503 367.<\/p>\t\t\t\t\t\t\t\t<\/div>\n\t\t\t\t<\/div>\n\t\t\t\t<div class=\"elementor-element elementor-element-a15c59f elementor-widget elementor-widget-text-editor\" data-id=\"a15c59f\" data-element_type=\"widget\" data-widget_type=\"text-editor.default\">\n\t\t\t\t<div class=\"elementor-widget-container\">\n\t\t\t\t\t\t\t\t\t<h4 data-pm-slice=\"1 1 []\"><strong>11. Zmiany w Polityce Prywatno\u015bci<\/strong><\/h4><p>11.1. Administrator zastrzega sobie prawo do wprowadzania zmian w niniejszej Polityce Prywatno\u015bci. Wszelkie zmiany b\u0119d\u0105 publikowane na tej stronie.<\/p><p>Data ostatniej aktualizacji: 31.01.2025 r.<\/p><p><strong><a class=\"polityka\" href=\"https:\/\/blue-bird.pl\/\">Powr\u00f3t do strony g\u0142\u00f3wnej \u2192<\/a>\u00a0\u00a0<\/strong><\/p>\t\t\t\t\t\t\t\t<\/div>\n\t\t\t\t<\/div>\n\t\t\t\t\t<\/div>\n\t\t\t\t<\/div>\n\t\t\t\t<\/div>\n\t\t","protected":false},"excerpt":{"rendered":"<p>1. Postanowienia og\u00f3lne 1.1. Niniejsza Polityka Prywatno\u015bci okre\u015bla zasady przetwarzania i ochrony danych osobowych przekazanych przez u\u017cytkownik\u00f3w w zwi\u0105zku z [&hellip;]<\/p>\n","protected":false},"author":2,"featured_media":0,"parent":0,"menu_order":0,"comment_status":"closed","ping_status":"closed","template":"","meta":{"site-sidebar-layout":"no-sidebar","site-content-layout":"","ast-site-content-layout":"full-width-container","site-content-style":"default","site-sidebar-style":"default","ast-global-header-display":"","ast-banner-title-visibility":"","ast-main-header-display":"","ast-hfb-above-header-display":"","ast-hfb-below-header-display":"","ast-hfb-mobile-header-display":"","site-post-title":"disabled","ast-breadcrumbs-content":"","ast-featured-img":"disabled","footer-sml-layout":"","theme-transparent-header-meta":"","adv-header-id-meta":"","stick-header-meta":"","header-above-stick-meta":"","header-main-stick-meta":"","header-below-stick-meta":"","astra-migrate-meta-layouts":"default","ast-page-background-enabled":"default","ast-page-background-meta":{"desktop":{"background-color":"var(--ast-global-color-5)","background-image":"","background-repeat":"repeat","background-position":"center center","background-size":"auto","background-attachment":"scroll","background-type":"","background-media":"","overlay-type":"","overlay-color":"","overlay-opacity":"","overlay-gradient":""},"tablet":{"background-color":"","background-image":"","background-repeat":"repeat","background-position":"center center","background-size":"auto","background-attachment":"scroll","background-type":"","background-media":"","overlay-type":"","overlay-color":"","overlay-opacity":"","overlay-gradient":""},"mobile":{"background-color":"","background-image":"","background-repeat":"repeat","background-position":"center center","background-size":"auto","background-attachment":"scroll","background-type":"","background-media":"","overlay-type":"","overlay-color":"","overlay-opacity":"","overlay-gradient":""}},"ast-content-background-meta":{"desktop":{"background-color":"var(--ast-global-color-4)","background-image":"","background-repeat":"repeat","background-position":"center center","background-size":"auto","background-attachment":"scroll","background-type":"","background-media":"","overlay-type":"","overlay-color":"","overlay-opacity":"","overlay-gradient":""},"tablet":{"background-color":"var(--ast-global-color-4)","background-image":"","background-repeat":"repeat","background-position":"center center","background-size":"auto","background-attachment":"scroll","background-type":"","background-media":"","overlay-type":"","overlay-color":"","overlay-opacity":"","overlay-gradient":""},"mobile":{"background-color":"var(--ast-global-color-4)","background-image":"","background-repeat":"repeat","background-position":"center center","background-size":"auto","background-attachment":"scroll","background-type":"","background-media":"","overlay-type":"","overlay-color":"","overlay-opacity":"","overlay-gradient":""}},"footnotes":""},"class_list":["post-52","page","type-page","status-publish","hentry"],"yoast_head":"<!-- This site is optimized with the Yoast SEO plugin v24.3 - https:\/\/yoast.com\/wordpress\/plugins\/seo\/ -->\n<title>Polityka prywatno\u015bci - Blue Bird<\/title>\n<meta name=\"description\" content=\"Zasady przetwarzania danych osobowych na naszej stronie internetowej blue-bird.pl\" \/>\n<meta name=\"robots\" content=\"index, follow, max-snippet:-1, max-image-preview:large, max-video-preview:-1\" \/>\n<link rel=\"canonical\" href=\"https:\/\/blue-bird.pl\/index.php\/polityka-prywatnosci\/\" \/>\n<meta property=\"og:locale\" content=\"pl_PL\" \/>\n<meta property=\"og:type\" content=\"article\" \/>\n<meta property=\"og:title\" content=\"Polityka prywatno\u015bci\" \/>\n<meta property=\"og:description\" content=\"Zasady przetwarzania danych osobowych na naszej stronie internetowej blue-bird.pl\" \/>\n<meta property=\"og:url\" content=\"https:\/\/blue-bird.pl\/index.php\/polityka-prywatnosci\/\" \/>\n<meta property=\"og:site_name\" content=\"Blue Bird\" \/>\n<meta property=\"article:modified_time\" content=\"2025-01-30T19:14:50+00:00\" \/>\n<meta property=\"og:image\" content=\"https:\/\/blue-bird.pl\/wp-content\/uploads\/2025\/01\/Pelikan-2.png\" \/>\n\t<meta property=\"og:image:width\" content=\"417\" \/>\n\t<meta property=\"og:image:height\" content=\"416\" \/>\n\t<meta property=\"og:image:type\" content=\"image\/png\" \/>\n<meta name=\"twitter:card\" content=\"summary_large_image\" \/>\n<meta name=\"twitter:title\" content=\"Polityka prywatno\u015bci\" \/>\n<meta name=\"twitter:description\" content=\"Zasady przetwarzania danych osobowych na naszej stronie internetowej blue-bird.pl\" \/>\n<meta name=\"twitter:image\" content=\"https:\/\/blue-bird.pl\/wp-content\/uploads\/2025\/01\/Pelikan-2.png\" \/>\n<meta name=\"twitter:label1\" content=\"Szacowany czas czytania\" \/>\n\t<meta name=\"twitter:data1\" content=\"3 minuty\" \/>\n<script type=\"application\/ld+json\" class=\"yoast-schema-graph\">{\"@context\":\"https:\/\/schema.org\",\"@graph\":[{\"@type\":\"WebPage\",\"@id\":\"https:\/\/blue-bird.pl\/index.php\/polityka-prywatnosci\/\",\"url\":\"https:\/\/blue-bird.pl\/index.php\/polityka-prywatnosci\/\",\"name\":\"Polityka prywatno\u015bci - Blue Bird\",\"isPartOf\":{\"@id\":\"https:\/\/blue-bird.pl\/#website\"},\"datePublished\":\"2025-01-21T12:15:51+00:00\",\"dateModified\":\"2025-01-30T19:14:50+00:00\",\"description\":\"Zasady przetwarzania danych osobowych na naszej stronie internetowej blue-bird.pl\",\"breadcrumb\":{\"@id\":\"https:\/\/blue-bird.pl\/index.php\/polityka-prywatnosci\/#breadcrumb\"},\"inLanguage\":\"pl-PL\",\"potentialAction\":[{\"@type\":\"ReadAction\",\"target\":[\"https:\/\/blue-bird.pl\/index.php\/polityka-prywatnosci\/\"]}]},{\"@type\":\"BreadcrumbList\",\"@id\":\"https:\/\/blue-bird.pl\/index.php\/polityka-prywatnosci\/#breadcrumb\",\"itemListElement\":[{\"@type\":\"ListItem\",\"position\":1,\"name\":\"Strona g\u0142\u00f3wna\",\"item\":\"https:\/\/blue-bird.pl\/\"},{\"@type\":\"ListItem\",\"position\":2,\"name\":\"Polityka prywatno\u015bci\"}]},{\"@type\":\"WebSite\",\"@id\":\"https:\/\/blue-bird.pl\/#website\",\"url\":\"https:\/\/blue-bird.pl\/\",\"name\":\"Blue Bird\",\"description\":\"Pracownia Plastyczna\",\"publisher\":{\"@id\":\"https:\/\/blue-bird.pl\/#organization\"},\"potentialAction\":[{\"@type\":\"SearchAction\",\"target\":{\"@type\":\"EntryPoint\",\"urlTemplate\":\"https:\/\/blue-bird.pl\/?s={search_term_string}\"},\"query-input\":{\"@type\":\"PropertyValueSpecification\",\"valueRequired\":true,\"valueName\":\"search_term_string\"}}],\"inLanguage\":\"pl-PL\"},{\"@type\":\"Organization\",\"@id\":\"https:\/\/blue-bird.pl\/#organization\",\"name\":\"Blue Bird\",\"url\":\"https:\/\/blue-bird.pl\/\",\"logo\":{\"@type\":\"ImageObject\",\"inLanguage\":\"pl-PL\",\"@id\":\"https:\/\/blue-bird.pl\/#\/schema\/logo\/image\/\",\"url\":\"https:\/\/blue-bird.pl\/wp-content\/uploads\/2025\/01\/cropped-Pelikan-2-1.png\",\"contentUrl\":\"https:\/\/blue-bird.pl\/wp-content\/uploads\/2025\/01\/cropped-Pelikan-2-1.png\",\"width\":269,\"height\":294,\"caption\":\"Blue Bird\"},\"image\":{\"@id\":\"https:\/\/blue-bird.pl\/#\/schema\/logo\/image\/\"}}]}<\/script>\n<!-- \/ Yoast SEO plugin. -->","yoast_head_json":{"title":"Polityka prywatno\u015bci - Blue Bird","description":"Zasady przetwarzania danych osobowych na naszej stronie internetowej blue-bird.pl","robots":{"index":"index","follow":"follow","max-snippet":"max-snippet:-1","max-image-preview":"max-image-preview:large","max-video-preview":"max-video-preview:-1"},"canonical":"https:\/\/blue-bird.pl\/index.php\/polityka-prywatnosci\/","og_locale":"pl_PL","og_type":"article","og_title":"Polityka prywatno\u015bci","og_description":"Zasady przetwarzania danych osobowych na naszej stronie internetowej blue-bird.pl","og_url":"https:\/\/blue-bird.pl\/index.php\/polityka-prywatnosci\/","og_site_name":"Blue Bird","article_modified_time":"2025-01-30T19:14:50+00:00","og_image":[{"width":417,"height":416,"url":"https:\/\/blue-bird.pl\/wp-content\/uploads\/2025\/01\/Pelikan-2.png","type":"image\/png"}],"twitter_card":"summary_large_image","twitter_title":"Polityka prywatno\u015bci","twitter_description":"Zasady przetwarzania danych osobowych na naszej stronie internetowej blue-bird.pl","twitter_image":"https:\/\/blue-bird.pl\/wp-content\/uploads\/2025\/01\/Pelikan-2.png","twitter_misc":{"Szacowany czas czytania":"3 minuty"},"schema":{"@context":"https:\/\/schema.org","@graph":[{"@type":"WebPage","@id":"https:\/\/blue-bird.pl\/index.php\/polityka-prywatnosci\/","url":"https:\/\/blue-bird.pl\/index.php\/polityka-prywatnosci\/","name":"Polityka prywatno\u015bci - Blue Bird","isPartOf":{"@id":"https:\/\/blue-bird.pl\/#website"},"datePublished":"2025-01-21T12:15:51+00:00","dateModified":"2025-01-30T19:14:50+00:00","description":"Zasady przetwarzania danych osobowych na naszej stronie internetowej blue-bird.pl","breadcrumb":{"@id":"https:\/\/blue-bird.pl\/index.php\/polityka-prywatnosci\/#breadcrumb"},"inLanguage":"pl-PL","potentialAction":[{"@type":"ReadAction","target":["https:\/\/blue-bird.pl\/index.php\/polityka-prywatnosci\/"]}]},{"@type":"BreadcrumbList","@id":"https:\/\/blue-bird.pl\/index.php\/polityka-prywatnosci\/#breadcrumb","itemListElement":[{"@type":"ListItem","position":1,"name":"Strona g\u0142\u00f3wna","item":"https:\/\/blue-bird.pl\/"},{"@type":"ListItem","position":2,"name":"Polityka prywatno\u015bci"}]},{"@type":"WebSite","@id":"https:\/\/blue-bird.pl\/#website","url":"https:\/\/blue-bird.pl\/","name":"Blue Bird","description":"Pracownia Plastyczna","publisher":{"@id":"https:\/\/blue-bird.pl\/#organization"},"potentialAction":[{"@type":"SearchAction","target":{"@type":"EntryPoint","urlTemplate":"https:\/\/blue-bird.pl\/?s={search_term_string}"},"query-input":{"@type":"PropertyValueSpecification","valueRequired":true,"valueName":"search_term_string"}}],"inLanguage":"pl-PL"},{"@type":"Organization","@id":"https:\/\/blue-bird.pl\/#organization","name":"Blue Bird","url":"https:\/\/blue-bird.pl\/","logo":{"@type":"ImageObject","inLanguage":"pl-PL","@id":"https:\/\/blue-bird.pl\/#\/schema\/logo\/image\/","url":"https:\/\/blue-bird.pl\/wp-content\/uploads\/2025\/01\/cropped-Pelikan-2-1.png","contentUrl":"https:\/\/blue-bird.pl\/wp-content\/uploads\/2025\/01\/cropped-Pelikan-2-1.png","width":269,"height":294,"caption":"Blue Bird"},"image":{"@id":"https:\/\/blue-bird.pl\/#\/schema\/logo\/image\/"}}]}},"_links":{"self":[{"href":"https:\/\/blue-bird.pl\/index.php\/wp-json\/wp\/v2\/pages\/52","targetHints":{"allow":["GET"]}}],"collection":[{"href":"https:\/\/blue-bird.pl\/index.php\/wp-json\/wp\/v2\/pages"}],"about":[{"href":"https:\/\/blue-bird.pl\/index.php\/wp-json\/wp\/v2\/types\/page"}],"author":[{"embeddable":true,"href":"https:\/\/blue-bird.pl\/index.php\/wp-json\/wp\/v2\/users\/2"}],"replies":[{"embeddable":true,"href":"https:\/\/blue-bird.pl\/index.php\/wp-json\/wp\/v2\/comments?post=52"}],"version-history":[{"count":46,"href":"https:\/\/blue-bird.pl\/index.php\/wp-json\/wp\/v2\/pages\/52\/revisions"}],"predecessor-version":[{"id":1715,"href":"https:\/\/blue-bird.pl\/index.php\/wp-json\/wp\/v2\/pages\/52\/revisions\/1715"}],"wp:attachment":[{"href":"https:\/\/blue-bird.pl\/index.php\/wp-json\/wp\/v2\/media?parent=52"}],"curies":[{"name":"wp","href":"https:\/\/api.w.org\/{rel}","templated":true}]}}