{"id":50,"date":"2025-01-21T13:15:16","date_gmt":"2025-01-21T12:15:16","guid":{"rendered":"http:\/\/blhhjsx.cluster100.hosting.ovh.net\/?page_id=50"},"modified":"2025-01-30T20:46:33","modified_gmt":"2025-01-30T19:46:33","slug":"zadzwon-lub-napisz-do-nas","status":"publish","type":"page","link":"https:\/\/blue-bird.pl\/index.php\/zadzwon-lub-napisz-do-nas\/","title":{"rendered":"Kontakt"},"content":{"rendered":"\t\t<div data-elementor-type=\"wp-post\" data-elementor-id=\"50\" class=\"elementor elementor-50\">\n\t\t\t\t<div class=\"elementor-element elementor-element-59e3fba e-flex e-con-boxed e-con e-parent\" data-id=\"59e3fba\" data-element_type=\"container\">\n\t\t\t\t\t<div class=\"e-con-inner\">\n\t\t\t\t<div class=\"elementor-element elementor-element-7174538 elementor-widget elementor-widget-text-editor\" data-id=\"7174538\" data-element_type=\"widget\" data-widget_type=\"text-editor.default\">\n\t\t\t\t<div class=\"elementor-widget-container\">\n\t\t\t\t\t\t\t\t\t<p><strong>Pracownia plastyczna Blue Bird &#8211; Agata Prajel<\/strong><\/p><p>ul. Grodzka 4\/4, 58-100 \u015awidnica<br \/>NIP: 8842189410, Regon: 020540637<\/p><p>e-mail: agata@blue-bird.pl<br \/>tel: (+48) 517503367<\/p>\t\t\t\t\t\t\t\t<\/div>\n\t\t\t\t<\/div>\n\t\t\t\t\t<\/div>\n\t\t\t\t<\/div>\n\t\t<div class=\"elementor-element elementor-element-b4e51ee e-flex e-con-boxed e-con e-parent\" data-id=\"b4e51ee\" data-element_type=\"container\" data-settings=\"{&quot;background_background&quot;:&quot;classic&quot;}\">\n\t\t\t\t\t<div class=\"e-con-inner\">\n\t\t\t\t<div class=\"elementor-element elementor-element-7b446ed elementor-widget elementor-widget-text-editor\" data-id=\"7b446ed\" data-element_type=\"widget\" data-widget_type=\"text-editor.default\">\n\t\t\t\t<div class=\"elementor-widget-container\">\n\t\t\t\t\t\t\t\t\t<p>Cieszymy si\u0119, \u017ce odwiedzi\u0142e\u015b nasz\u0105 stron\u0119 internetow\u0105. Je\u015bli chcesz si\u0119 z nami skontaktowa\u0107, zadzwo\u0144, wy\u015blij wiadomo\u015b\u0107 sms, e-mail lub wype\u0142nij formularz dost\u0119pny poni\u017cej.<\/p>\t\t\t\t\t\t\t\t<\/div>\n\t\t\t\t<\/div>\n\t\t\t\t\t<\/div>\n\t\t\t\t<\/div>\n\t\t\t\t<section class=\"elementor-section elementor-top-section elementor-element elementor-element-6e16311 elementor-section-boxed elementor-section-height-default elementor-section-height-default elementor-invisible\" data-id=\"6e16311\" data-element_type=\"section\" data-settings=\"{&quot;animation&quot;:&quot;fadeInRight&quot;,&quot;background_background&quot;:&quot;classic&quot;,&quot;shape_divider_top&quot;:&quot;arrow&quot;}\">\n\t\t\t\t\t<div class=\"elementor-shape elementor-shape-top\" data-negative=\"false\">\n\t\t\t<svg xmlns=\"http:\/\/www.w3.org\/2000\/svg\" viewBox=\"0 0 700 10\" preserveAspectRatio=\"none\">\n\t<path class=\"elementor-shape-fill\" d=\"M350,10L340,0h20L350,10z\"\/>\n<\/svg>\t\t<\/div>\n\t\t\t\t\t<div class=\"elementor-container elementor-column-gap-default\">\n\t\t\t\t\t<div class=\"elementor-column elementor-col-100 elementor-top-column elementor-element elementor-element-b2e95a0\" data-id=\"b2e95a0\" data-element_type=\"column\">\n\t\t\t<div class=\"elementor-widget-wrap elementor-element-populated\">\n\t\t\t\t\t\t<div class=\"elementor-element elementor-element-6643157 elementor-widget__width-initial elementor-widget elementor-widget-shortcode\" data-id=\"6643157\" data-element_type=\"widget\" data-widget_type=\"shortcode.default\">\n\t\t\t\t<div class=\"elementor-widget-container\">\n\t\t\t\t\t\t\t<div class=\"elementor-shortcode\"><div class=\"wpforms-container wpforms-container-full wpforms-render-modern\" id=\"wpforms-596\"><form id=\"wpforms-form-596\" class=\"wpforms-validate wpforms-form wpforms-ajax-form\" data-formid=\"596\" method=\"post\" enctype=\"multipart\/form-data\" action=\"\/index.php\/wp-json\/wp\/v2\/pages\/50\" data-token=\"53a67fad7f11a3e11ed6882a835e8976\" data-token-time=\"1776373947\"><noscript class=\"wpforms-error-noscript\">Aby wype\u0142ni\u0107 ten formularz, w\u0142\u0105cz obs\u0142ug\u0119 JavaScript w przegl\u0105darce.<\/noscript><div class=\"wpforms-hidden\" id=\"wpforms-error-noscript\">Aby wype\u0142ni\u0107 ten formularz, w\u0142\u0105cz obs\u0142ug\u0119 JavaScript w przegl\u0105darce.<\/div><div class=\"wpforms-field-container\"><div id=\"wpforms-596-field_1-container\" class=\"wpforms-field wpforms-field-name\" data-field-id=\"1\"><fieldset><legend class=\"wpforms-field-label\">Imi\u0119 i nazwisko <span class=\"wpforms-required-label\" aria-hidden=\"true\">*<\/span><\/legend><div class=\"wpforms-field-row wpforms-field-large\"><div class=\"wpforms-field-row-block wpforms-first wpforms-one-half\"><input type=\"text\" id=\"wpforms-596-field_1\" class=\"wpforms-field-name-first wpforms-field-required\" name=\"wpforms[fields][1][first]\" aria-errormessage=\"wpforms-596-field_1-error\" required><label for=\"wpforms-596-field_1\" class=\"wpforms-field-sublabel after\">Imi\u0119<\/label><\/div><div class=\"wpforms-field-row-block wpforms-one-half\"><input type=\"text\" id=\"wpforms-596-field_1-last\" class=\"wpforms-field-name-last wpforms-field-required\" name=\"wpforms[fields][1][last]\" aria-errormessage=\"wpforms-596-field_1-last-error\" required><label for=\"wpforms-596-field_1-last\" class=\"wpforms-field-sublabel after\">Nazwisko<\/label><\/div><\/div><\/fieldset><\/div><div id=\"wpforms-596-field_2-container\" class=\"wpforms-field wpforms-field-email\" data-field-id=\"2\"><label class=\"wpforms-field-label\" for=\"wpforms-596-field_2\">Adres e-mail <span class=\"wpforms-required-label\" aria-hidden=\"true\">*<\/span><\/label><input type=\"email\" id=\"wpforms-596-field_2\" class=\"wpforms-field-large wpforms-field-required\" name=\"wpforms[fields][2]\" spellcheck=\"false\" aria-errormessage=\"wpforms-596-field_2-error\" required><\/div><div id=\"wpforms-596-field_4-container\" class=\"wpforms-field wpforms-field-number\" data-field-id=\"4\"><label class=\"wpforms-field-label\" for=\"wpforms-596-field_4\">Numer telefonu <span class=\"wpforms-required-label\" aria-hidden=\"true\">*<\/span><\/label><input type=\"number\" id=\"wpforms-596-field_4\" class=\"wpforms-field-large wpforms-field-required\" name=\"wpforms[fields][4]\" aria-errormessage=\"wpforms-596-field_4-error\" required><\/div><div id=\"wpforms-596-field_3-container\" class=\"wpforms-field wpforms-field-textarea\" data-field-id=\"3\"><label class=\"wpforms-field-label\" for=\"wpforms-596-field_3\">Wiadomo\u015b\u0107 <span class=\"wpforms-required-label\" aria-hidden=\"true\">*<\/span><\/label><textarea id=\"wpforms-596-field_3\" class=\"wpforms-field-medium wpforms-field-required\" name=\"wpforms[fields][3]\" aria-errormessage=\"wpforms-596-field_3-error\" required><\/textarea><\/div><div id=\"wpforms-596-field_5-container\" class=\"wpforms-field wpforms-field-checkbox\" data-field-id=\"5\"><fieldset><legend class=\"wpforms-field-label\">Zgody<\/legend><ul id=\"wpforms-596-field_5\"><li class=\"choice-1 depth-1\"><input type=\"checkbox\" id=\"wpforms-596-field_5_1\" name=\"wpforms[fields][5][]\" value=\"Wyra\u017cam zgod\u0119 na przetwarzanie moich danych osobowych przez stron\u0119 blue-bird.pl\" aria-errormessage=\"wpforms-596-field_5_1-error\"  ><label class=\"wpforms-field-label-inline\" for=\"wpforms-596-field_5_1\">Wyra\u017cam zgod\u0119 na przetwarzanie moich danych osobowych przez stron\u0119 blue-bird.pl<\/label><\/li><li class=\"choice-2 depth-1\"><input type=\"checkbox\" id=\"wpforms-596-field_5_2\" name=\"wpforms[fields][5][]\" value=\"Zgadzam si\u0119 na przechowywanie przes\u0142anych przeze mnie informacji w tej witrynie internetowej do cel\u00f3w udzielenia odpowiedzi na moje zapytanie.\" aria-errormessage=\"wpforms-596-field_5_2-error\"  ><label class=\"wpforms-field-label-inline\" for=\"wpforms-596-field_5_2\">Zgadzam si\u0119 na przechowywanie przes\u0142anych przeze mnie informacji w tej witrynie internetowej do cel\u00f3w udzielenia odpowiedzi na moje zapytanie.<\/label><\/li><li class=\"choice-3 depth-1\"><input type=\"checkbox\" id=\"wpforms-596-field_5_3\" name=\"wpforms[fields][5][]\" value=\"Zapozna\u0142am\/em si\u0119 z \u201e&lt;a href=&quot;http:\/\/blhhjsx.cluster100.hosting.ovh.net\/index.php\/polityka-prywatnosci\/&quot;&gt;polityk\u0105 prywatno\u015bci&lt;\/a&gt;\u201d.\" aria-errormessage=\"wpforms-596-field_5_3-error\"  ><label class=\"wpforms-field-label-inline\" for=\"wpforms-596-field_5_3\">Zapozna\u0142am\/em si\u0119 z \u201e<a href=\"http:\/\/blhhjsx.cluster100.hosting.ovh.net\/index.php\/polityka-prywatnosci\/\">polityk\u0105 prywatno\u015bci<\/a>\u201d.<\/label><\/li><\/ul><\/fieldset><\/div><\/div><!-- .wpforms-field-container --><div class=\"wpforms-submit-container\" ><input type=\"hidden\" name=\"wpforms[id]\" value=\"596\"><input type=\"hidden\" name=\"page_title\" value=\"\"><input type=\"hidden\" name=\"page_url\" value=\"https:\/\/blue-bird.pl\/index.php\/wp-json\/wp\/v2\/pages\/50\"><button type=\"submit\" name=\"wpforms[submit]\" id=\"wpforms-submit-596\" class=\"wpforms-submit\" data-alt-text=\"Wysy\u0142anie...\" data-submit-text=\"Prze\u015blij\" aria-live=\"assertive\" value=\"wpforms-submit\">Prze\u015blij<\/button><img decoding=\"async\" src=\"https:\/\/blue-bird.pl\/wp-content\/plugins\/wpforms-lite\/assets\/images\/submit-spin.svg\" class=\"wpforms-submit-spinner\" style=\"display: none;\" width=\"26\" height=\"26\" alt=\"Wczytywanie\"><\/div><\/form><\/div>  <!-- .wpforms-container --><\/div>\n\t\t\t\t\t\t<\/div>\n\t\t\t\t<\/div>\n\t\t\t\t\t<\/div>\n\t\t<\/div>\n\t\t\t\t\t<\/div>\n\t\t<\/section>\n\t\t\t\t<\/div>\n\t\t","protected":false},"excerpt":{"rendered":"<p>Pracownia plastyczna Blue Bird &#8211; Agata Prajel ul. Grodzka 4\/4, 58-100 \u015awidnicaNIP: 8842189410, Regon: 020540637 e-mail: agata@blue-bird.pltel: (+48) 517503367 Cieszymy [&hellip;]<\/p>\n","protected":false},"author":2,"featured_media":0,"parent":0,"menu_order":0,"comment_status":"closed","ping_status":"closed","template":"","meta":{"site-sidebar-layout":"no-sidebar","site-content-layout":"","ast-site-content-layout":"full-width-container","site-content-style":"default","site-sidebar-style":"default","ast-global-header-display":"","ast-banner-title-visibility":"","ast-main-header-display":"","ast-hfb-above-header-display":"","ast-hfb-below-header-display":"","ast-hfb-mobile-header-display":"","site-post-title":"disabled","ast-breadcrumbs-content":"","ast-featured-img":"disabled","footer-sml-layout":"","theme-transparent-header-meta":"","adv-header-id-meta":"","stick-header-meta":"","header-above-stick-meta":"","header-main-stick-meta":"","header-below-stick-meta":"","astra-migrate-meta-layouts":"default","ast-page-background-enabled":"default","ast-page-background-meta":{"desktop":{"background-color":"var(--ast-global-color-5)","background-image":"","background-repeat":"repeat","background-position":"center center","background-size":"auto","background-attachment":"scroll","background-type":"","background-media":"","overlay-type":"","overlay-color":"","overlay-opacity":"","overlay-gradient":""},"tablet":{"background-color":"","background-image":"","background-repeat":"repeat","background-position":"center center","background-size":"auto","background-attachment":"scroll","background-type":"","background-media":"","overlay-type":"","overlay-color":"","overlay-opacity":"","overlay-gradient":""},"mobile":{"background-color":"","background-image":"","background-repeat":"repeat","background-position":"center center","background-size":"auto","background-attachment":"scroll","background-type":"","background-media":"","overlay-type":"","overlay-color":"","overlay-opacity":"","overlay-gradient":""}},"ast-content-background-meta":{"desktop":{"background-color":"var(--ast-global-color-4)","background-image":"","background-repeat":"repeat","background-position":"center center","background-size":"auto","background-attachment":"scroll","background-type":"","background-media":"","overlay-type":"","overlay-color":"","overlay-opacity":"","overlay-gradient":""},"tablet":{"background-color":"var(--ast-global-color-4)","background-image":"","background-repeat":"repeat","background-position":"center center","background-size":"auto","background-attachment":"scroll","background-type":"","background-media":"","overlay-type":"","overlay-color":"","overlay-opacity":"","overlay-gradient":""},"mobile":{"background-color":"var(--ast-global-color-4)","background-image":"","background-repeat":"repeat","background-position":"center center","background-size":"auto","background-attachment":"scroll","background-type":"","background-media":"","overlay-type":"","overlay-color":"","overlay-opacity":"","overlay-gradient":""}},"footnotes":""},"class_list":["post-50","page","type-page","status-publish","hentry"],"yoast_head":"<!-- This site is optimized with the Yoast SEO plugin v24.3 - https:\/\/yoast.com\/wordpress\/plugins\/seo\/ -->\n<title>Zadzwo\u0144 lub napisz do nas - Blue Bird<\/title>\n<meta name=\"description\" content=\"Cieszymy si\u0119, \u017ce odwiedzi\u0142e\u015b nasz\u0105 stron\u0119 internetow\u0105 i chcesz nawi\u0105za\u0107 z nami kontakt. Jeste\u015bmy gotowi odpowiedzie\u0107 na wszelkie pytania...\" \/>\n<meta name=\"robots\" content=\"index, follow, max-snippet:-1, max-image-preview:large, max-video-preview:-1\" \/>\n<link rel=\"canonical\" href=\"https:\/\/blue-bird.pl\/index.php\/zadzwon-lub-napisz-do-nas\/\" \/>\n<meta property=\"og:locale\" content=\"pl_PL\" \/>\n<meta property=\"og:type\" content=\"article\" \/>\n<meta property=\"og:title\" content=\"Zadzwo\u0144 lub napisz do nas\" \/>\n<meta property=\"og:description\" content=\"Cieszymy si\u0119, \u017ce odwiedzi\u0142e\u015b nasz\u0105 stron\u0119 internetow\u0105 i chcesz nawi\u0105za\u0107 z nami kontakt. Jeste\u015bmy gotowi odpowiedzie\u0107 na wszelkie pytania...\" \/>\n<meta property=\"og:url\" content=\"https:\/\/blue-bird.pl\/index.php\/zadzwon-lub-napisz-do-nas\/\" \/>\n<meta property=\"og:site_name\" content=\"Blue Bird\" \/>\n<meta property=\"article:modified_time\" content=\"2025-01-30T19:46:33+00:00\" \/>\n<meta property=\"og:image\" content=\"https:\/\/blue-bird.pl\/wp-content\/uploads\/2025\/01\/Pelikan-2.png\" \/>\n\t<meta property=\"og:image:width\" content=\"417\" \/>\n\t<meta property=\"og:image:height\" content=\"416\" \/>\n\t<meta property=\"og:image:type\" content=\"image\/png\" \/>\n<meta name=\"twitter:card\" content=\"summary_large_image\" \/>\n<meta name=\"twitter:title\" content=\"Zadzwo\u0144 lub napisz do nas\" \/>\n<meta name=\"twitter:description\" content=\"Cieszymy si\u0119, \u017ce odwiedzi\u0142e\u015b nasz\u0105 stron\u0119 internetow\u0105 i chcesz nawi\u0105za\u0107 z nami kontakt. Jeste\u015bmy gotowi odpowiedzie\u0107 na wszelkie pytania...\" \/>\n<meta name=\"twitter:image\" content=\"https:\/\/blue-bird.pl\/wp-content\/uploads\/2025\/01\/Pelikan-2.png\" \/>\n<meta name=\"twitter:label1\" content=\"Szacowany czas czytania\" \/>\n\t<meta name=\"twitter:data1\" content=\"1 minuta\" \/>\n<script type=\"application\/ld+json\" class=\"yoast-schema-graph\">{\"@context\":\"https:\/\/schema.org\",\"@graph\":[{\"@type\":[\"WebPage\",\"ContactPage\"],\"@id\":\"https:\/\/blue-bird.pl\/index.php\/zadzwon-lub-napisz-do-nas\/\",\"url\":\"https:\/\/blue-bird.pl\/index.php\/zadzwon-lub-napisz-do-nas\/\",\"name\":\"Zadzwo\u0144 lub napisz do nas - Blue Bird\",\"isPartOf\":{\"@id\":\"https:\/\/blue-bird.pl\/#website\"},\"datePublished\":\"2025-01-21T12:15:16+00:00\",\"dateModified\":\"2025-01-30T19:46:33+00:00\",\"description\":\"Cieszymy si\u0119, \u017ce odwiedzi\u0142e\u015b nasz\u0105 stron\u0119 internetow\u0105 i chcesz nawi\u0105za\u0107 z nami kontakt. Jeste\u015bmy gotowi odpowiedzie\u0107 na wszelkie pytania...\",\"breadcrumb\":{\"@id\":\"https:\/\/blue-bird.pl\/index.php\/zadzwon-lub-napisz-do-nas\/#breadcrumb\"},\"inLanguage\":\"pl-PL\",\"potentialAction\":[{\"@type\":\"ReadAction\",\"target\":[\"https:\/\/blue-bird.pl\/index.php\/zadzwon-lub-napisz-do-nas\/\"]}]},{\"@type\":\"BreadcrumbList\",\"@id\":\"https:\/\/blue-bird.pl\/index.php\/zadzwon-lub-napisz-do-nas\/#breadcrumb\",\"itemListElement\":[{\"@type\":\"ListItem\",\"position\":1,\"name\":\"Strona g\u0142\u00f3wna\",\"item\":\"https:\/\/blue-bird.pl\/\"},{\"@type\":\"ListItem\",\"position\":2,\"name\":\"Zadzwo\u0144 lub napisz do nas\"}]},{\"@type\":\"WebSite\",\"@id\":\"https:\/\/blue-bird.pl\/#website\",\"url\":\"https:\/\/blue-bird.pl\/\",\"name\":\"Blue Bird\",\"description\":\"Pracownia Plastyczna\",\"publisher\":{\"@id\":\"https:\/\/blue-bird.pl\/#organization\"},\"potentialAction\":[{\"@type\":\"SearchAction\",\"target\":{\"@type\":\"EntryPoint\",\"urlTemplate\":\"https:\/\/blue-bird.pl\/?s={search_term_string}\"},\"query-input\":{\"@type\":\"PropertyValueSpecification\",\"valueRequired\":true,\"valueName\":\"search_term_string\"}}],\"inLanguage\":\"pl-PL\"},{\"@type\":\"Organization\",\"@id\":\"https:\/\/blue-bird.pl\/#organization\",\"name\":\"Blue Bird\",\"url\":\"https:\/\/blue-bird.pl\/\",\"logo\":{\"@type\":\"ImageObject\",\"inLanguage\":\"pl-PL\",\"@id\":\"https:\/\/blue-bird.pl\/#\/schema\/logo\/image\/\",\"url\":\"https:\/\/blue-bird.pl\/wp-content\/uploads\/2025\/01\/cropped-Pelikan-2-1.png\",\"contentUrl\":\"https:\/\/blue-bird.pl\/wp-content\/uploads\/2025\/01\/cropped-Pelikan-2-1.png\",\"width\":269,\"height\":294,\"caption\":\"Blue Bird\"},\"image\":{\"@id\":\"https:\/\/blue-bird.pl\/#\/schema\/logo\/image\/\"}}]}<\/script>\n<!-- \/ Yoast SEO plugin. -->","yoast_head_json":{"title":"Zadzwo\u0144 lub napisz do nas - Blue Bird","description":"Cieszymy si\u0119, \u017ce odwiedzi\u0142e\u015b nasz\u0105 stron\u0119 internetow\u0105 i chcesz nawi\u0105za\u0107 z nami kontakt. Jeste\u015bmy gotowi odpowiedzie\u0107 na wszelkie pytania...","robots":{"index":"index","follow":"follow","max-snippet":"max-snippet:-1","max-image-preview":"max-image-preview:large","max-video-preview":"max-video-preview:-1"},"canonical":"https:\/\/blue-bird.pl\/index.php\/zadzwon-lub-napisz-do-nas\/","og_locale":"pl_PL","og_type":"article","og_title":"Zadzwo\u0144 lub napisz do nas","og_description":"Cieszymy si\u0119, \u017ce odwiedzi\u0142e\u015b nasz\u0105 stron\u0119 internetow\u0105 i chcesz nawi\u0105za\u0107 z nami kontakt. Jeste\u015bmy gotowi odpowiedzie\u0107 na wszelkie pytania...","og_url":"https:\/\/blue-bird.pl\/index.php\/zadzwon-lub-napisz-do-nas\/","og_site_name":"Blue Bird","article_modified_time":"2025-01-30T19:46:33+00:00","og_image":[{"width":417,"height":416,"url":"https:\/\/blue-bird.pl\/wp-content\/uploads\/2025\/01\/Pelikan-2.png","type":"image\/png"}],"twitter_card":"summary_large_image","twitter_title":"Zadzwo\u0144 lub napisz do nas","twitter_description":"Cieszymy si\u0119, \u017ce odwiedzi\u0142e\u015b nasz\u0105 stron\u0119 internetow\u0105 i chcesz nawi\u0105za\u0107 z nami kontakt. Jeste\u015bmy gotowi odpowiedzie\u0107 na wszelkie pytania...","twitter_image":"https:\/\/blue-bird.pl\/wp-content\/uploads\/2025\/01\/Pelikan-2.png","twitter_misc":{"Szacowany czas czytania":"1 minuta"},"schema":{"@context":"https:\/\/schema.org","@graph":[{"@type":["WebPage","ContactPage"],"@id":"https:\/\/blue-bird.pl\/index.php\/zadzwon-lub-napisz-do-nas\/","url":"https:\/\/blue-bird.pl\/index.php\/zadzwon-lub-napisz-do-nas\/","name":"Zadzwo\u0144 lub napisz do nas - Blue Bird","isPartOf":{"@id":"https:\/\/blue-bird.pl\/#website"},"datePublished":"2025-01-21T12:15:16+00:00","dateModified":"2025-01-30T19:46:33+00:00","description":"Cieszymy si\u0119, \u017ce odwiedzi\u0142e\u015b nasz\u0105 stron\u0119 internetow\u0105 i chcesz nawi\u0105za\u0107 z nami kontakt. Jeste\u015bmy gotowi odpowiedzie\u0107 na wszelkie pytania...","breadcrumb":{"@id":"https:\/\/blue-bird.pl\/index.php\/zadzwon-lub-napisz-do-nas\/#breadcrumb"},"inLanguage":"pl-PL","potentialAction":[{"@type":"ReadAction","target":["https:\/\/blue-bird.pl\/index.php\/zadzwon-lub-napisz-do-nas\/"]}]},{"@type":"BreadcrumbList","@id":"https:\/\/blue-bird.pl\/index.php\/zadzwon-lub-napisz-do-nas\/#breadcrumb","itemListElement":[{"@type":"ListItem","position":1,"name":"Strona g\u0142\u00f3wna","item":"https:\/\/blue-bird.pl\/"},{"@type":"ListItem","position":2,"name":"Zadzwo\u0144 lub napisz do nas"}]},{"@type":"WebSite","@id":"https:\/\/blue-bird.pl\/#website","url":"https:\/\/blue-bird.pl\/","name":"Blue Bird","description":"Pracownia Plastyczna","publisher":{"@id":"https:\/\/blue-bird.pl\/#organization"},"potentialAction":[{"@type":"SearchAction","target":{"@type":"EntryPoint","urlTemplate":"https:\/\/blue-bird.pl\/?s={search_term_string}"},"query-input":{"@type":"PropertyValueSpecification","valueRequired":true,"valueName":"search_term_string"}}],"inLanguage":"pl-PL"},{"@type":"Organization","@id":"https:\/\/blue-bird.pl\/#organization","name":"Blue Bird","url":"https:\/\/blue-bird.pl\/","logo":{"@type":"ImageObject","inLanguage":"pl-PL","@id":"https:\/\/blue-bird.pl\/#\/schema\/logo\/image\/","url":"https:\/\/blue-bird.pl\/wp-content\/uploads\/2025\/01\/cropped-Pelikan-2-1.png","contentUrl":"https:\/\/blue-bird.pl\/wp-content\/uploads\/2025\/01\/cropped-Pelikan-2-1.png","width":269,"height":294,"caption":"Blue Bird"},"image":{"@id":"https:\/\/blue-bird.pl\/#\/schema\/logo\/image\/"}}]}},"_links":{"self":[{"href":"https:\/\/blue-bird.pl\/index.php\/wp-json\/wp\/v2\/pages\/50","targetHints":{"allow":["GET"]}}],"collection":[{"href":"https:\/\/blue-bird.pl\/index.php\/wp-json\/wp\/v2\/pages"}],"about":[{"href":"https:\/\/blue-bird.pl\/index.php\/wp-json\/wp\/v2\/types\/page"}],"author":[{"embeddable":true,"href":"https:\/\/blue-bird.pl\/index.php\/wp-json\/wp\/v2\/users\/2"}],"replies":[{"embeddable":true,"href":"https:\/\/blue-bird.pl\/index.php\/wp-json\/wp\/v2\/comments?post=50"}],"version-history":[{"count":112,"href":"https:\/\/blue-bird.pl\/index.php\/wp-json\/wp\/v2\/pages\/50\/revisions"}],"predecessor-version":[{"id":1774,"href":"https:\/\/blue-bird.pl\/index.php\/wp-json\/wp\/v2\/pages\/50\/revisions\/1774"}],"wp:attachment":[{"href":"https:\/\/blue-bird.pl\/index.php\/wp-json\/wp\/v2\/media?parent=50"}],"curies":[{"name":"wp","href":"https:\/\/api.w.org\/{rel}","templated":true}]}}