{"id":48,"date":"2025-01-21T13:14:37","date_gmt":"2025-01-21T12:14:37","guid":{"rendered":"http:\/\/blhhjsx.cluster100.hosting.ovh.net\/?page_id=48"},"modified":"2025-01-30T19:25:42","modified_gmt":"2025-01-30T18:25:42","slug":"o-nas-i-naszej-pasji","status":"publish","type":"page","link":"https:\/\/blue-bird.pl\/index.php\/o-nas-i-naszej-pasji\/","title":{"rendered":"O nas"},"content":{"rendered":"\t\t<div data-elementor-type=\"wp-post\" data-elementor-id=\"48\" class=\"elementor elementor-48\">\n\t\t\t\t<div class=\"elementor-element elementor-element-c316857 e-flex e-con-boxed e-con e-parent\" data-id=\"c316857\" data-element_type=\"container\">\n\t\t\t\t\t<div class=\"e-con-inner\">\n\t\t\t\t<div class=\"elementor-element elementor-element-ed464f8 elementor-widget elementor-widget-text-editor\" data-id=\"ed464f8\" data-element_type=\"widget\" data-widget_type=\"text-editor.default\">\n\t\t\t\t<div class=\"elementor-widget-container\">\n\t\t\t\t\t\t\t\t\t<p><strong>Blue Bird<\/strong>,<br \/>pracownia artystyczna art &amp; crafts &#8211; Agata Prajel<\/p>\t\t\t\t\t\t\t\t<\/div>\n\t\t\t\t<\/div>\n\t\t\t\t<div class=\"elementor-element elementor-element-2b7f5c5 elementor-widget elementor-widget-text-editor\" data-id=\"2b7f5c5\" data-element_type=\"widget\" data-widget_type=\"text-editor.default\">\n\t\t\t\t<div class=\"elementor-widget-container\">\n\t\t\t\t\t\t\t\t\t<p><strong>Porcelana<\/strong><br \/>Odkrywanie rozmaitych form, Nowoczesny design.<\/p>\t\t\t\t\t\t\t\t<\/div>\n\t\t\t\t<\/div>\n\t\t\t\t<div class=\"elementor-element elementor-element-6b53f77 elementor-widget elementor-widget-text-editor\" data-id=\"6b53f77\" data-element_type=\"widget\" data-widget_type=\"text-editor.default\">\n\t\t\t\t<div class=\"elementor-widget-container\">\n\t\t\t\t\t\t\t\t\t<p><strong>Malarstwo<\/strong><br \/>\u015awiat kolor\u00f3w i poszukiwa\u0144. Autorskie techniki malarskie z wykorzystaniem r\u00f3\u017cnych rodzaj\u00f3w farb i materia\u0142\u00f3w naturalnych.<\/p>\t\t\t\t\t\t\t\t<\/div>\n\t\t\t\t<\/div>\n\t\t\t\t<div class=\"elementor-element elementor-element-54f7b94 elementor-widget elementor-widget-text-editor\" data-id=\"54f7b94\" data-element_type=\"widget\" data-widget_type=\"text-editor.default\">\n\t\t\t\t<div class=\"elementor-widget-container\">\n\t\t\t\t\t\t\t\t\t<p><strong>Bi\u017cuteria autorska<\/strong><br \/>Nieustanne eksperymentowanie i poszukiwanie nowych \u015brodk\u00f3w wyrazu.<\/p>\t\t\t\t\t\t\t\t<\/div>\n\t\t\t\t<\/div>\n\t\t\t\t<div class=\"elementor-element elementor-element-e9642c4 elementor-widget elementor-widget-text-editor\" data-id=\"e9642c4\" data-element_type=\"widget\" data-widget_type=\"text-editor.default\">\n\t\t\t\t<div class=\"elementor-widget-container\">\n\t\t\t\t\t\t\t\t\t<p><strong>T-shirty<\/strong><br \/>R\u0119cznie malowane.<\/p>\t\t\t\t\t\t\t\t<\/div>\n\t\t\t\t<\/div>\n\t\t\t\t<div class=\"elementor-element elementor-element-5f4028d elementor-widget elementor-widget-text-editor\" data-id=\"5f4028d\" data-element_type=\"widget\" data-widget_type=\"text-editor.default\">\n\t\t\t\t<div class=\"elementor-widget-container\">\n\t\t\t\t\t\t\t\t\t<p><strong>Snycerstwo<\/strong><br \/>Zam\u00f3wienia i projekty indywidualne.<\/p>\t\t\t\t\t\t\t\t<\/div>\n\t\t\t\t<\/div>\n\t\t\t\t<div class=\"elementor-element elementor-element-9e2d537 elementor-widget elementor-widget-text-editor\" data-id=\"9e2d537\" data-element_type=\"widget\" data-widget_type=\"text-editor.default\">\n\t\t\t\t<div class=\"elementor-widget-container\">\n\t\t\t\t\t\t\t\t\t<p>Ze wzgl\u0119du na charakter naszej pracy, prosimy o wcze\u015bniejszy kontakt telefoniczny w celu odwiedzenia pracowni.<\/p>\t\t\t\t\t\t\t\t<\/div>\n\t\t\t\t<\/div>\n\t\t\t\t<div class=\"elementor-element elementor-element-a91d971 elementor-widget elementor-widget-text-editor\" data-id=\"a91d971\" data-element_type=\"widget\" data-widget_type=\"text-editor.default\">\n\t\t\t\t<div class=\"elementor-widget-container\">\n\t\t\t\t\t\t\t\t\t<p>Prowadzimy r\u00f3wnie\u017c sprzeda\u017c wysy\u0142kow\u0105 naszych produkt\u00f3w.<\/p>\t\t\t\t\t\t\t\t<\/div>\n\t\t\t\t<\/div>\n\t\t\t\t<div class=\"elementor-element elementor-element-39d6eb4 elementor-widget elementor-widget-text-editor\" data-id=\"39d6eb4\" data-element_type=\"widget\" data-widget_type=\"text-editor.default\">\n\t\t\t\t<div class=\"elementor-widget-container\">\n\t\t\t\t\t\t\t\t\t<p>Zapraszamy do odkrycia \u015bwiata Blue Bird!<\/p>\t\t\t\t\t\t\t\t<\/div>\n\t\t\t\t<\/div>\n\t\t\t\t\t<\/div>\n\t\t\t\t<\/div>\n\t\t<div class=\"elementor-element elementor-element-c671a67 e-flex e-con-boxed e-con e-parent\" data-id=\"c671a67\" data-element_type=\"container\" data-settings=\"{&quot;background_background&quot;:&quot;classic&quot;}\">\n\t\t\t\t\t<div class=\"e-con-inner\">\n\t\t\t\t<div class=\"elementor-element elementor-element-d2e9083 elementor-widget elementor-widget-heading\" data-id=\"d2e9083\" data-element_type=\"widget\" data-widget_type=\"heading.default\">\n\t\t\t\t<div class=\"elementor-widget-container\">\n\t\t\t\t\t<h2 class=\"elementor-heading-title elementor-size-default\">Nasze prace:<\/h2>\t\t\t\t<\/div>\n\t\t\t\t<\/div>\n\t\t\t\t\t<\/div>\n\t\t\t\t<\/div>\n\t\t\t\t<section class=\"elementor-section elementor-top-section elementor-element elementor-element-68baa04 elementor-section-boxed elementor-section-height-default elementor-section-height-default\" data-id=\"68baa04\" data-element_type=\"section\" data-settings=\"{&quot;background_background&quot;:&quot;classic&quot;}\">\n\t\t\t\t\t\t\t<div class=\"elementor-background-overlay\"><\/div>\n\t\t\t\t\t\t\t<div class=\"elementor-container elementor-column-gap-default\">\n\t\t\t\t\t<div class=\"elementor-column elementor-col-100 elementor-top-column elementor-element elementor-element-3abc001\" data-id=\"3abc001\" data-element_type=\"column\">\n\t\t\t<div class=\"elementor-widget-wrap elementor-element-populated\">\n\t\t\t\t\t\t<div class=\"elementor-element elementor-element-92d2a3e elementor-arrows-position-outside elementor-pagination-position-outside elementor-widget elementor-widget-image-carousel\" data-id=\"92d2a3e\" data-element_type=\"widget\" data-settings=\"{&quot;image_spacing_custom&quot;:{&quot;unit&quot;:&quot;px&quot;,&quot;size&quot;:60,&quot;sizes&quot;:[]},&quot;slides_to_show&quot;:&quot;6&quot;,&quot;slides_to_show_tablet&quot;:&quot;4&quot;,&quot;slides_to_show_mobile&quot;:&quot;2&quot;,&quot;navigation&quot;:&quot;both&quot;,&quot;autoplay&quot;:&quot;yes&quot;,&quot;pause_on_hover&quot;:&quot;yes&quot;,&quot;pause_on_interaction&quot;:&quot;yes&quot;,&quot;autoplay_speed&quot;:5000,&quot;infinite&quot;:&quot;yes&quot;,&quot;speed&quot;:500,&quot;image_spacing_custom_tablet&quot;:{&quot;unit&quot;:&quot;px&quot;,&quot;size&quot;:&quot;&quot;,&quot;sizes&quot;:[]},&quot;image_spacing_custom_mobile&quot;:{&quot;unit&quot;:&quot;px&quot;,&quot;size&quot;:&quot;&quot;,&quot;sizes&quot;:[]}}\" data-widget_type=\"image-carousel.default\">\n\t\t\t\t<div class=\"elementor-widget-container\">\n\t\t\t\t\t\t\t<div class=\"elementor-image-carousel-wrapper swiper\" role=\"region\" aria-roledescription=\"carousel\" aria-label=\"Karuzela obrazk\u00f3w\" dir=\"ltr\">\n\t\t\t<div class=\"elementor-image-carousel swiper-wrapper\" aria-live=\"off\">\n\t\t\t\t\t\t\t\t<div class=\"swiper-slide\" role=\"group\" aria-roledescription=\"slide\" aria-label=\"1 z 12\"><figure class=\"swiper-slide-inner\"><img decoding=\"async\" class=\"swiper-slide-image\" src=\"https:\/\/blue-bird.pl\/wp-content\/uploads\/2025\/01\/14-6-150x150.jpg\" alt=\"Fili\u017canka - Afryka\u0144ska, r\u0119cznie malowana fili\u017canka z porcelany, poj. 0,4 l\" \/><\/figure><\/div><div class=\"swiper-slide\" role=\"group\" aria-roledescription=\"slide\" aria-label=\"2 z 12\"><figure class=\"swiper-slide-inner\"><img decoding=\"async\" class=\"swiper-slide-image\" src=\"https:\/\/blue-bird.pl\/wp-content\/uploads\/2025\/01\/13-6-150x150.jpg\" alt=\"Fili\u017canka &quot; Breakfast&#039;, kubek &quot;Starbucks&quot; r\u0119cznie malowana porcelana\" \/><\/figure><\/div><div class=\"swiper-slide\" role=\"group\" aria-roledescription=\"slide\" aria-label=\"3 z 12\"><figure class=\"swiper-slide-inner\"><img decoding=\"async\" class=\"swiper-slide-image\" src=\"https:\/\/blue-bird.pl\/wp-content\/uploads\/2025\/01\/12-6-150x150.jpg\" alt=\"Kubek z logo Starbucks, fili\u017canka &quot;Breakfast&quot;, porcelana r\u0119cznie malowana\" \/><\/figure><\/div><div class=\"swiper-slide\" role=\"group\" aria-roledescription=\"slide\" aria-label=\"4 z 12\"><figure class=\"swiper-slide-inner\"><img decoding=\"async\" class=\"swiper-slide-image\" src=\"https:\/\/blue-bird.pl\/wp-content\/uploads\/2025\/01\/11-6-150x150.jpg\" alt=\"Fili\u017canki - &quot;Dla Emo I&quot; i II, r\u0119cznie malowane fili\u017canki z porcelany, poj.0,4 l\" \/><\/figure><\/div><div class=\"swiper-slide\" role=\"group\" aria-roledescription=\"slide\" aria-label=\"5 z 12\"><figure class=\"swiper-slide-inner\"><img decoding=\"async\" class=\"swiper-slide-image\" src=\"https:\/\/blue-bird.pl\/wp-content\/uploads\/2025\/01\/10-6-150x150.jpg\" alt=\"Kubki - &quot;Dzieci\u0144stwo I&quot;, &quot;Dzieci\u0144stwo II&quot;, r\u0119cznie malowane kubki z porcelany, poj. 0,5 l\" \/><\/figure><\/div><div class=\"swiper-slide\" role=\"group\" aria-roledescription=\"slide\" aria-label=\"6 z 12\"><figure class=\"swiper-slide-inner\"><img decoding=\"async\" class=\"swiper-slide-image\" src=\"https:\/\/blue-bird.pl\/wp-content\/uploads\/2025\/01\/9-6-150x150.jpg\" alt=\"Kubki - &quot;Dzieci\u0144stwo III&quot;, &quot; Dzieci\u0144stwo IV&quot;, r\u0119cznie malowane kubki z porcelany,poj. 0,5 l\" \/><\/figure><\/div><div class=\"swiper-slide\" role=\"group\" aria-roledescription=\"slide\" aria-label=\"7 z 12\"><figure class=\"swiper-slide-inner\"><img decoding=\"async\" class=\"swiper-slide-image\" src=\"https:\/\/blue-bird.pl\/wp-content\/uploads\/2025\/01\/3-7-150x150.jpg\" alt=\"Kubek - Dla lekarza, r\u0119cznie malowana porcelana,poj.0,4l\" \/><\/figure><\/div><div class=\"swiper-slide\" role=\"group\" aria-roledescription=\"slide\" aria-label=\"8 z 12\"><figure class=\"swiper-slide-inner\"><img decoding=\"async\" class=\"swiper-slide-image\" src=\"https:\/\/blue-bird.pl\/wp-content\/uploads\/2025\/01\/4-6-150x150.jpg\" alt=\"Kubek - Dla architekta, r\u0119cznie malowana porcelana, poj.0,4l\" \/><\/figure><\/div><div class=\"swiper-slide\" role=\"group\" aria-roledescription=\"slide\" aria-label=\"9 z 12\"><figure class=\"swiper-slide-inner\"><img decoding=\"async\" class=\"swiper-slide-image\" src=\"https:\/\/blue-bird.pl\/wp-content\/uploads\/2025\/01\/5-6-150x150.jpg\" alt=\"Komplet - Dla klienta, r\u0119cznie malowana porcelana\" \/><\/figure><\/div><div class=\"swiper-slide\" role=\"group\" aria-roledescription=\"slide\" aria-label=\"10 z 12\"><figure class=\"swiper-slide-inner\"><img decoding=\"async\" class=\"swiper-slide-image\" src=\"https:\/\/blue-bird.pl\/wp-content\/uploads\/2025\/01\/6-6-150x150.jpg\" alt=\"Fili\u017canka - Dla klienta, r\u0119cznie malowana porcelana, poj.0,4 l\" \/><\/figure><\/div><div class=\"swiper-slide\" role=\"group\" aria-roledescription=\"slide\" aria-label=\"11 z 12\"><figure class=\"swiper-slide-inner\"><img decoding=\"async\" class=\"swiper-slide-image\" src=\"https:\/\/blue-bird.pl\/wp-content\/uploads\/2025\/01\/7-6-150x150.jpg\" alt=\"Fili\u017canka - &quot;B\u0142\u0119kitne espresso&quot;, r\u0119cznie malowana fili\u017canka z porcelany, poj.0.1 l\" \/><\/figure><\/div><div class=\"swiper-slide\" role=\"group\" aria-roledescription=\"slide\" aria-label=\"12 z 12\"><figure class=\"swiper-slide-inner\"><img decoding=\"async\" class=\"swiper-slide-image\" src=\"https:\/\/blue-bird.pl\/wp-content\/uploads\/2025\/01\/8-6-150x150.jpg\" alt=\"Kubek - &quot;Z logo klientki&quot;, r\u0119cznie malowany kubek z porcelany, poj.0,4 l\" \/><\/figure><\/div>\t\t\t<\/div>\n\t\t\t\t\t\t\t\t\t\t\t\t<div class=\"elementor-swiper-button elementor-swiper-button-prev\" role=\"button\" tabindex=\"0\">\n\t\t\t\t\t\t<svg aria-hidden=\"true\" class=\"e-font-icon-svg e-eicon-chevron-left\" viewBox=\"0 0 1000 1000\" xmlns=\"http:\/\/www.w3.org\/2000\/svg\"><path d=\"M646 125C629 125 613 133 604 142L308 442C296 454 292 471 292 487 292 504 296 521 308 533L604 854C617 867 629 875 646 875 663 875 679 871 692 858 704 846 713 829 713 812 713 796 708 779 692 767L438 487 692 225C700 217 708 204 708 187 708 171 704 154 692 142 675 129 663 125 646 125Z\"><\/path><\/svg>\t\t\t\t\t<\/div>\n\t\t\t\t\t<div class=\"elementor-swiper-button elementor-swiper-button-next\" role=\"button\" tabindex=\"0\">\n\t\t\t\t\t\t<svg aria-hidden=\"true\" class=\"e-font-icon-svg e-eicon-chevron-right\" viewBox=\"0 0 1000 1000\" xmlns=\"http:\/\/www.w3.org\/2000\/svg\"><path d=\"M696 533C708 521 713 504 713 487 713 471 708 454 696 446L400 146C388 133 375 125 354 125 338 125 325 129 313 142 300 154 292 171 292 187 292 204 296 221 308 233L563 492 304 771C292 783 288 800 288 817 288 833 296 850 308 863 321 871 338 875 354 875 371 875 388 867 400 854L696 533Z\"><\/path><\/svg>\t\t\t\t\t<\/div>\n\t\t\t\t\n\t\t\t\t\t\t\t\t\t<div class=\"swiper-pagination\"><\/div>\n\t\t\t\t\t\t\t\t\t<\/div>\n\t\t\t\t\t\t<\/div>\n\t\t\t\t<\/div>\n\t\t\t\t\t<\/div>\n\t\t<\/div>\n\t\t\t\t\t<\/div>\n\t\t<\/section>\n\t\t\t\t<\/div>\n\t\t","protected":false},"excerpt":{"rendered":"<p>Blue Bird,pracownia artystyczna art &amp; crafts &#8211; Agata Prajel PorcelanaOdkrywanie rozmaitych form, Nowoczesny design. Malarstwo\u015awiat kolor\u00f3w i poszukiwa\u0144. Autorskie techniki [&hellip;]<\/p>\n","protected":false},"author":2,"featured_media":0,"parent":0,"menu_order":0,"comment_status":"closed","ping_status":"closed","template":"","meta":{"site-sidebar-layout":"no-sidebar","site-content-layout":"","ast-site-content-layout":"full-width-container","site-content-style":"default","site-sidebar-style":"default","ast-global-header-display":"","ast-banner-title-visibility":"","ast-main-header-display":"","ast-hfb-above-header-display":"","ast-hfb-below-header-display":"","ast-hfb-mobile-header-display":"","site-post-title":"disabled","ast-breadcrumbs-content":"","ast-featured-img":"disabled","footer-sml-layout":"","theme-transparent-header-meta":"","adv-header-id-meta":"","stick-header-meta":"","header-above-stick-meta":"","header-main-stick-meta":"","header-below-stick-meta":"","astra-migrate-meta-layouts":"default","ast-page-background-enabled":"default","ast-page-background-meta":{"desktop":{"background-color":"var(--ast-global-color-5)","background-image":"","background-repeat":"repeat","background-position":"center center","background-size":"auto","background-attachment":"scroll","background-type":"","background-media":"","overlay-type":"","overlay-color":"","overlay-opacity":"","overlay-gradient":""},"tablet":{"background-color":"","background-image":"","background-repeat":"repeat","background-position":"center center","background-size":"auto","background-attachment":"scroll","background-type":"","background-media":"","overlay-type":"","overlay-color":"","overlay-opacity":"","overlay-gradient":""},"mobile":{"background-color":"","background-image":"","background-repeat":"repeat","background-position":"center center","background-size":"auto","background-attachment":"scroll","background-type":"","background-media":"","overlay-type":"","overlay-color":"","overlay-opacity":"","overlay-gradient":""}},"ast-content-background-meta":{"desktop":{"background-color":"var(--ast-global-color-4)","background-image":"","background-repeat":"repeat","background-position":"center center","background-size":"auto","background-attachment":"scroll","background-type":"","background-media":"","overlay-type":"","overlay-color":"","overlay-opacity":"","overlay-gradient":""},"tablet":{"background-color":"var(--ast-global-color-4)","background-image":"","background-repeat":"repeat","background-position":"center center","background-size":"auto","background-attachment":"scroll","background-type":"","background-media":"","overlay-type":"","overlay-color":"","overlay-opacity":"","overlay-gradient":""},"mobile":{"background-color":"var(--ast-global-color-4)","background-image":"","background-repeat":"repeat","background-position":"center center","background-size":"auto","background-attachment":"scroll","background-type":"","background-media":"","overlay-type":"","overlay-color":"","overlay-opacity":"","overlay-gradient":""}},"footnotes":""},"class_list":["post-48","page","type-page","status-publish","hentry"],"yoast_head":"<!-- This site is optimized with the Yoast SEO plugin v24.3 - https:\/\/yoast.com\/wordpress\/plugins\/seo\/ -->\n<title>O nas i naszej pasji - Blue Bird<\/title>\n<meta name=\"description\" content=\"Blue Bird to pracownia artystyczna prowadzona przez Agat\u0119 Prajel, specjalizuj\u0105c\u0105 si\u0119 w tworzeniu unikalnych dzie\u0142 z porcelany, bi\u017cuterii...\" \/>\n<meta name=\"robots\" content=\"index, follow, max-snippet:-1, max-image-preview:large, max-video-preview:-1\" \/>\n<link rel=\"canonical\" href=\"https:\/\/blue-bird.pl\/index.php\/o-nas-i-naszej-pasji\/\" \/>\n<meta property=\"og:locale\" content=\"pl_PL\" \/>\n<meta property=\"og:type\" content=\"article\" \/>\n<meta property=\"og:title\" content=\"O nas i naszej pasji\" \/>\n<meta property=\"og:description\" content=\"Blue Bird to pracownia artystyczna prowadzona przez Agat\u0119 Prajel, specjalizuj\u0105c\u0105 si\u0119 w tworzeniu unikalnych dzie\u0142 z porcelany, bi\u017cuterii...\" \/>\n<meta property=\"og:url\" content=\"https:\/\/blue-bird.pl\/index.php\/o-nas-i-naszej-pasji\/\" \/>\n<meta property=\"og:site_name\" content=\"Blue Bird\" \/>\n<meta property=\"article:modified_time\" content=\"2025-01-30T18:25:42+00:00\" \/>\n<meta property=\"og:image\" content=\"https:\/\/blue-bird.pl\/wp-content\/uploads\/2025\/01\/Pelikan-2.png\" \/>\n\t<meta property=\"og:image:width\" content=\"417\" \/>\n\t<meta property=\"og:image:height\" content=\"416\" \/>\n\t<meta property=\"og:image:type\" content=\"image\/png\" \/>\n<meta name=\"twitter:card\" content=\"summary_large_image\" \/>\n<meta name=\"twitter:title\" content=\"O nas i naszej pasji\" \/>\n<meta name=\"twitter:description\" content=\"Blue Bird to pracownia artystyczna prowadzona przez Agat\u0119 Prajel, specjalizuj\u0105c\u0105 si\u0119 w tworzeniu unikalnych dzie\u0142 z porcelany, bi\u017cuterii...\" \/>\n<meta name=\"twitter:image\" content=\"https:\/\/blue-bird.pl\/wp-content\/uploads\/2025\/01\/Pelikan-2.png\" \/>\n<meta name=\"twitter:label1\" content=\"Szacowany czas czytania\" \/>\n\t<meta name=\"twitter:data1\" content=\"4 minuty\" \/>\n<script type=\"application\/ld+json\" class=\"yoast-schema-graph\">{\"@context\":\"https:\/\/schema.org\",\"@graph\":[{\"@type\":[\"WebPage\",\"AboutPage\"],\"@id\":\"https:\/\/blue-bird.pl\/index.php\/o-nas-i-naszej-pasji\/\",\"url\":\"https:\/\/blue-bird.pl\/index.php\/o-nas-i-naszej-pasji\/\",\"name\":\"O nas i naszej pasji - Blue Bird\",\"isPartOf\":{\"@id\":\"https:\/\/blue-bird.pl\/#website\"},\"primaryImageOfPage\":{\"@id\":\"https:\/\/blue-bird.pl\/index.php\/o-nas-i-naszej-pasji\/#primaryimage\"},\"image\":{\"@id\":\"https:\/\/blue-bird.pl\/index.php\/o-nas-i-naszej-pasji\/#primaryimage\"},\"thumbnailUrl\":\"https:\/\/blue-bird.pl\/wp-content\/uploads\/2025\/01\/14-6-150x150.jpg\",\"datePublished\":\"2025-01-21T12:14:37+00:00\",\"dateModified\":\"2025-01-30T18:25:42+00:00\",\"description\":\"Blue Bird to pracownia artystyczna prowadzona przez Agat\u0119 Prajel, specjalizuj\u0105c\u0105 si\u0119 w tworzeniu unikalnych dzie\u0142 z porcelany, bi\u017cuterii...\",\"breadcrumb\":{\"@id\":\"https:\/\/blue-bird.pl\/index.php\/o-nas-i-naszej-pasji\/#breadcrumb\"},\"inLanguage\":\"pl-PL\",\"potentialAction\":[{\"@type\":\"ReadAction\",\"target\":[\"https:\/\/blue-bird.pl\/index.php\/o-nas-i-naszej-pasji\/\"]}]},{\"@type\":\"ImageObject\",\"inLanguage\":\"pl-PL\",\"@id\":\"https:\/\/blue-bird.pl\/index.php\/o-nas-i-naszej-pasji\/#primaryimage\",\"url\":\"https:\/\/blue-bird.pl\/wp-content\/uploads\/2025\/01\/14-6.jpg\",\"contentUrl\":\"https:\/\/blue-bird.pl\/wp-content\/uploads\/2025\/01\/14-6.jpg\",\"width\":449,\"height\":600,\"caption\":\"Fili\u017canka - Afryka\u0144ska, r\u0119cznie malowana fili\u017canka z porcelany, poj. 0,4 l\"},{\"@type\":\"BreadcrumbList\",\"@id\":\"https:\/\/blue-bird.pl\/index.php\/o-nas-i-naszej-pasji\/#breadcrumb\",\"itemListElement\":[{\"@type\":\"ListItem\",\"position\":1,\"name\":\"Strona g\u0142\u00f3wna\",\"item\":\"https:\/\/blue-bird.pl\/\"},{\"@type\":\"ListItem\",\"position\":2,\"name\":\"O nas i naszej pasji\"}]},{\"@type\":\"WebSite\",\"@id\":\"https:\/\/blue-bird.pl\/#website\",\"url\":\"https:\/\/blue-bird.pl\/\",\"name\":\"Blue Bird\",\"description\":\"Pracownia Plastyczna\",\"publisher\":{\"@id\":\"https:\/\/blue-bird.pl\/#organization\"},\"potentialAction\":[{\"@type\":\"SearchAction\",\"target\":{\"@type\":\"EntryPoint\",\"urlTemplate\":\"https:\/\/blue-bird.pl\/?s={search_term_string}\"},\"query-input\":{\"@type\":\"PropertyValueSpecification\",\"valueRequired\":true,\"valueName\":\"search_term_string\"}}],\"inLanguage\":\"pl-PL\"},{\"@type\":\"Organization\",\"@id\":\"https:\/\/blue-bird.pl\/#organization\",\"name\":\"Blue Bird\",\"url\":\"https:\/\/blue-bird.pl\/\",\"logo\":{\"@type\":\"ImageObject\",\"inLanguage\":\"pl-PL\",\"@id\":\"https:\/\/blue-bird.pl\/#\/schema\/logo\/image\/\",\"url\":\"https:\/\/blue-bird.pl\/wp-content\/uploads\/2025\/01\/cropped-Pelikan-2-1.png\",\"contentUrl\":\"https:\/\/blue-bird.pl\/wp-content\/uploads\/2025\/01\/cropped-Pelikan-2-1.png\",\"width\":269,\"height\":294,\"caption\":\"Blue Bird\"},\"image\":{\"@id\":\"https:\/\/blue-bird.pl\/#\/schema\/logo\/image\/\"}}]}<\/script>\n<!-- \/ Yoast SEO plugin. -->","yoast_head_json":{"title":"O nas i naszej pasji - Blue Bird","description":"Blue Bird to pracownia artystyczna prowadzona przez Agat\u0119 Prajel, specjalizuj\u0105c\u0105 si\u0119 w tworzeniu unikalnych dzie\u0142 z porcelany, bi\u017cuterii...","robots":{"index":"index","follow":"follow","max-snippet":"max-snippet:-1","max-image-preview":"max-image-preview:large","max-video-preview":"max-video-preview:-1"},"canonical":"https:\/\/blue-bird.pl\/index.php\/o-nas-i-naszej-pasji\/","og_locale":"pl_PL","og_type":"article","og_title":"O nas i naszej pasji","og_description":"Blue Bird to pracownia artystyczna prowadzona przez Agat\u0119 Prajel, specjalizuj\u0105c\u0105 si\u0119 w tworzeniu unikalnych dzie\u0142 z porcelany, bi\u017cuterii...","og_url":"https:\/\/blue-bird.pl\/index.php\/o-nas-i-naszej-pasji\/","og_site_name":"Blue Bird","article_modified_time":"2025-01-30T18:25:42+00:00","og_image":[{"width":417,"height":416,"url":"https:\/\/blue-bird.pl\/wp-content\/uploads\/2025\/01\/Pelikan-2.png","type":"image\/png"}],"twitter_card":"summary_large_image","twitter_title":"O nas i naszej pasji","twitter_description":"Blue Bird to pracownia artystyczna prowadzona przez Agat\u0119 Prajel, specjalizuj\u0105c\u0105 si\u0119 w tworzeniu unikalnych dzie\u0142 z porcelany, bi\u017cuterii...","twitter_image":"https:\/\/blue-bird.pl\/wp-content\/uploads\/2025\/01\/Pelikan-2.png","twitter_misc":{"Szacowany czas czytania":"4 minuty"},"schema":{"@context":"https:\/\/schema.org","@graph":[{"@type":["WebPage","AboutPage"],"@id":"https:\/\/blue-bird.pl\/index.php\/o-nas-i-naszej-pasji\/","url":"https:\/\/blue-bird.pl\/index.php\/o-nas-i-naszej-pasji\/","name":"O nas i naszej pasji - Blue Bird","isPartOf":{"@id":"https:\/\/blue-bird.pl\/#website"},"primaryImageOfPage":{"@id":"https:\/\/blue-bird.pl\/index.php\/o-nas-i-naszej-pasji\/#primaryimage"},"image":{"@id":"https:\/\/blue-bird.pl\/index.php\/o-nas-i-naszej-pasji\/#primaryimage"},"thumbnailUrl":"https:\/\/blue-bird.pl\/wp-content\/uploads\/2025\/01\/14-6-150x150.jpg","datePublished":"2025-01-21T12:14:37+00:00","dateModified":"2025-01-30T18:25:42+00:00","description":"Blue Bird to pracownia artystyczna prowadzona przez Agat\u0119 Prajel, specjalizuj\u0105c\u0105 si\u0119 w tworzeniu unikalnych dzie\u0142 z porcelany, bi\u017cuterii...","breadcrumb":{"@id":"https:\/\/blue-bird.pl\/index.php\/o-nas-i-naszej-pasji\/#breadcrumb"},"inLanguage":"pl-PL","potentialAction":[{"@type":"ReadAction","target":["https:\/\/blue-bird.pl\/index.php\/o-nas-i-naszej-pasji\/"]}]},{"@type":"ImageObject","inLanguage":"pl-PL","@id":"https:\/\/blue-bird.pl\/index.php\/o-nas-i-naszej-pasji\/#primaryimage","url":"https:\/\/blue-bird.pl\/wp-content\/uploads\/2025\/01\/14-6.jpg","contentUrl":"https:\/\/blue-bird.pl\/wp-content\/uploads\/2025\/01\/14-6.jpg","width":449,"height":600,"caption":"Fili\u017canka - Afryka\u0144ska, r\u0119cznie malowana fili\u017canka z porcelany, poj. 0,4 l"},{"@type":"BreadcrumbList","@id":"https:\/\/blue-bird.pl\/index.php\/o-nas-i-naszej-pasji\/#breadcrumb","itemListElement":[{"@type":"ListItem","position":1,"name":"Strona g\u0142\u00f3wna","item":"https:\/\/blue-bird.pl\/"},{"@type":"ListItem","position":2,"name":"O nas i naszej pasji"}]},{"@type":"WebSite","@id":"https:\/\/blue-bird.pl\/#website","url":"https:\/\/blue-bird.pl\/","name":"Blue Bird","description":"Pracownia Plastyczna","publisher":{"@id":"https:\/\/blue-bird.pl\/#organization"},"potentialAction":[{"@type":"SearchAction","target":{"@type":"EntryPoint","urlTemplate":"https:\/\/blue-bird.pl\/?s={search_term_string}"},"query-input":{"@type":"PropertyValueSpecification","valueRequired":true,"valueName":"search_term_string"}}],"inLanguage":"pl-PL"},{"@type":"Organization","@id":"https:\/\/blue-bird.pl\/#organization","name":"Blue Bird","url":"https:\/\/blue-bird.pl\/","logo":{"@type":"ImageObject","inLanguage":"pl-PL","@id":"https:\/\/blue-bird.pl\/#\/schema\/logo\/image\/","url":"https:\/\/blue-bird.pl\/wp-content\/uploads\/2025\/01\/cropped-Pelikan-2-1.png","contentUrl":"https:\/\/blue-bird.pl\/wp-content\/uploads\/2025\/01\/cropped-Pelikan-2-1.png","width":269,"height":294,"caption":"Blue Bird"},"image":{"@id":"https:\/\/blue-bird.pl\/#\/schema\/logo\/image\/"}}]}},"_links":{"self":[{"href":"https:\/\/blue-bird.pl\/index.php\/wp-json\/wp\/v2\/pages\/48","targetHints":{"allow":["GET"]}}],"collection":[{"href":"https:\/\/blue-bird.pl\/index.php\/wp-json\/wp\/v2\/pages"}],"about":[{"href":"https:\/\/blue-bird.pl\/index.php\/wp-json\/wp\/v2\/types\/page"}],"author":[{"embeddable":true,"href":"https:\/\/blue-bird.pl\/index.php\/wp-json\/wp\/v2\/users\/2"}],"replies":[{"embeddable":true,"href":"https:\/\/blue-bird.pl\/index.php\/wp-json\/wp\/v2\/comments?post=48"}],"version-history":[{"count":94,"href":"https:\/\/blue-bird.pl\/index.php\/wp-json\/wp\/v2\/pages\/48\/revisions"}],"predecessor-version":[{"id":1668,"href":"https:\/\/blue-bird.pl\/index.php\/wp-json\/wp\/v2\/pages\/48\/revisions\/1668"}],"wp:attachment":[{"href":"https:\/\/blue-bird.pl\/index.php\/wp-json\/wp\/v2\/media?parent=48"}],"curies":[{"name":"wp","href":"https:\/\/api.w.org\/{rel}","templated":true}]}}