{"id":192,"date":"2025-01-21T15:44:13","date_gmt":"2025-01-21T14:44:13","guid":{"rendered":"http:\/\/blhhjsx.cluster100.hosting.ovh.net\/?page_id=192"},"modified":"2025-01-30T19:33:49","modified_gmt":"2025-01-30T18:33:49","slug":"sport-i-maszyny","status":"publish","type":"page","link":"https:\/\/blue-bird.pl\/index.php\/sport-i-maszyny\/","title":{"rendered":"Sport"},"content":{"rendered":"\t\t<div data-elementor-type=\"wp-post\" data-elementor-id=\"192\" class=\"elementor elementor-192\">\n\t\t\t\t<div class=\"elementor-element elementor-element-038e822 e-flex e-con-boxed e-con e-parent\" data-id=\"038e822\" data-element_type=\"container\" data-settings=\"{&quot;background_background&quot;:&quot;classic&quot;}\">\n\t\t\t\t\t<div class=\"e-con-inner\">\n\t\t\t\t<div class=\"elementor-element elementor-element-81074f5 elementor-invisible elementor-widget elementor-widget-heading\" data-id=\"81074f5\" data-element_type=\"widget\" data-settings=\"{&quot;_animation&quot;:&quot;fadeIn&quot;}\" data-widget_type=\"heading.default\">\n\t\t\t\t<div class=\"elementor-widget-container\">\n\t\t\t\t\t<h2 class=\"elementor-heading-title elementor-size-default\">Sport<\/h2>\t\t\t\t<\/div>\n\t\t\t\t<\/div>\n\t\t\t\t<div class=\"elementor-element elementor-element-c7c28c8 elementor-invisible elementor-widget elementor-widget-text-editor\" data-id=\"c7c28c8\" data-element_type=\"widget\" data-settings=\"{&quot;_animation&quot;:&quot;fadeIn&quot;}\" data-widget_type=\"text-editor.default\">\n\t\t\t\t<div class=\"elementor-widget-container\">\n\t\t\t\t\t\t\t\t\t<p>samochody, samoloty i inne maszyny lataj\u0105ce<\/p>\t\t\t\t\t\t\t\t<\/div>\n\t\t\t\t<\/div>\n\t\t\t\t\t<\/div>\n\t\t\t\t<\/div>\n\t\t<div class=\"elementor-element elementor-element-a070b11 e-flex e-con-boxed e-con e-parent\" data-id=\"a070b11\" data-element_type=\"container\">\n\t\t\t\t\t<div class=\"e-con-inner\">\n\t\t\t\t<div class=\"elementor-element elementor-element-e5741c8 gallery-spacing-custom elementor-widget elementor-widget-image-gallery\" data-id=\"e5741c8\" data-element_type=\"widget\" data-widget_type=\"image-gallery.default\">\n\t\t\t\t<div class=\"elementor-widget-container\">\n\t\t\t\t\t\t\t<div class=\"elementor-image-gallery\">\n\t\t\t<div id='gallery-1' class='gallery galleryid-192 gallery-columns-3 gallery-size-medium'><figure class='gallery-item'>\n\t\t\t<div class='gallery-icon portrait'>\n\t\t\t\t<a data-elementor-open-lightbox=\"yes\" data-elementor-lightbox-slideshow=\"e5741c8\" data-elementor-lightbox-title=\"Talerz - &quot;The dragonfly&quot;s ghost&quot;, r\u0119cznie malowana porcelana, \u015brednica 29,5 cm, niedost\u0119pny\" data-e-action-hash=\"#elementor-action%3Aaction%3Dlightbox%26settings%3DeyJpZCI6OTk3LCJ1cmwiOiJodHRwczpcL1wvYmx1ZS1iaXJkLnBsXC93cC1jb250ZW50XC91cGxvYWRzXC8yMDI1XC8wMVwvMS0xLmpwZyIsInNsaWRlc2hvdyI6ImU1NzQxYzgifQ%3D%3D\" href='https:\/\/blue-bird.pl\/wp-content\/uploads\/2025\/01\/1-1.jpg'><img fetchpriority=\"high\" decoding=\"async\" width=\"225\" height=\"300\" src=\"https:\/\/blue-bird.pl\/wp-content\/uploads\/2025\/01\/1-1-225x300.jpg\" class=\"attachment-medium size-medium\" alt=\"Talerz - &quot;The dragonfly&quot;s ghost&quot;, r\u0119cznie malowana porcelana, \u015brednica 29,5 cm, niedost\u0119pny\" aria-describedby=\"gallery-1-997\" srcset=\"https:\/\/blue-bird.pl\/wp-content\/uploads\/2025\/01\/1-1-225x300.jpg 225w, https:\/\/blue-bird.pl\/wp-content\/uploads\/2025\/01\/1-1.jpg 449w\" sizes=\"(max-width: 225px) 100vw, 225px\" \/><\/a>\n\t\t\t<\/div>\n\t\t\t\t<figcaption class='wp-caption-text gallery-caption' id='gallery-1-997'>\n\t\t\t\tTalerz &#8211; &#8222;The dragonfly&#8221;s ghost&#8221;, r\u0119cznie malowana porcelana, \u015brednica 29,5 cm, niedost\u0119pny\n\t\t\t\t<\/figcaption><\/figure><figure class='gallery-item'>\n\t\t\t<div class='gallery-icon portrait'>\n\t\t\t\t<a data-elementor-open-lightbox=\"yes\" data-elementor-lightbox-slideshow=\"e5741c8\" data-elementor-lightbox-title=\"Talerz - &quot;Samoch\u00f3d II&quot;, r\u0119cznie malowana porcelana, \u015brednica 22 cm\" data-e-action-hash=\"#elementor-action%3Aaction%3Dlightbox%26settings%3DeyJpZCI6OTk4LCJ1cmwiOiJodHRwczpcL1wvYmx1ZS1iaXJkLnBsXC93cC1jb250ZW50XC91cGxvYWRzXC8yMDI1XC8wMVwvMi0xLmpwZyIsInNsaWRlc2hvdyI6ImU1NzQxYzgifQ%3D%3D\" href='https:\/\/blue-bird.pl\/wp-content\/uploads\/2025\/01\/2-1.jpg'><img decoding=\"async\" width=\"225\" height=\"300\" src=\"https:\/\/blue-bird.pl\/wp-content\/uploads\/2025\/01\/2-1-225x300.jpg\" class=\"attachment-medium size-medium\" alt=\"Talerz - &quot;Samoch\u00f3d II&quot;, r\u0119cznie malowana porcelana, \u015brednica 22 cm\" aria-describedby=\"gallery-1-998\" srcset=\"https:\/\/blue-bird.pl\/wp-content\/uploads\/2025\/01\/2-1-225x300.jpg 225w, https:\/\/blue-bird.pl\/wp-content\/uploads\/2025\/01\/2-1.jpg 449w\" sizes=\"(max-width: 225px) 100vw, 225px\" \/><\/a>\n\t\t\t<\/div>\n\t\t\t\t<figcaption class='wp-caption-text gallery-caption' id='gallery-1-998'>\n\t\t\t\tTalerz &#8211; &#8222;Samoch\u00f3d II&#8221;, r\u0119cznie malowana porcelana, \u015brednica 22 cm\n\t\t\t\t<\/figcaption><\/figure><figure class='gallery-item'>\n\t\t\t<div class='gallery-icon portrait'>\n\t\t\t\t<a data-elementor-open-lightbox=\"yes\" data-elementor-lightbox-slideshow=\"e5741c8\" data-elementor-lightbox-title=\"Talerz - &quot;Samoch\u00f3d&quot;, r\u0119cznie malowana porcelana, \u015brednica 22 cm\" data-e-action-hash=\"#elementor-action%3Aaction%3Dlightbox%26settings%3DeyJpZCI6OTk5LCJ1cmwiOiJodHRwczpcL1wvYmx1ZS1iaXJkLnBsXC93cC1jb250ZW50XC91cGxvYWRzXC8yMDI1XC8wMVwvMy0xLmpwZyIsInNsaWRlc2hvdyI6ImU1NzQxYzgifQ%3D%3D\" href='https:\/\/blue-bird.pl\/wp-content\/uploads\/2025\/01\/3-1.jpg'><img decoding=\"async\" width=\"225\" height=\"300\" src=\"https:\/\/blue-bird.pl\/wp-content\/uploads\/2025\/01\/3-1-225x300.jpg\" class=\"attachment-medium size-medium\" alt=\"Talerz - &quot;Samoch\u00f3d&quot;, r\u0119cznie malowana porcelana, \u015brednica 22 cm\" aria-describedby=\"gallery-1-999\" srcset=\"https:\/\/blue-bird.pl\/wp-content\/uploads\/2025\/01\/3-1-225x300.jpg 225w, https:\/\/blue-bird.pl\/wp-content\/uploads\/2025\/01\/3-1.jpg 449w\" sizes=\"(max-width: 225px) 100vw, 225px\" \/><\/a>\n\t\t\t<\/div>\n\t\t\t\t<figcaption class='wp-caption-text gallery-caption' id='gallery-1-999'>\n\t\t\t\tTalerz &#8211; &#8222;Samoch\u00f3d&#8221;, r\u0119cznie malowana porcelana, \u015brednica 22 cm\n\t\t\t\t<\/figcaption><\/figure>\n\t\t<\/div>\n\t\t<\/div>\n\t\t\t\t\t\t<\/div>\n\t\t\t\t<\/div>\n\t\t\t\t\t<\/div>\n\t\t\t\t<\/div>\n\t\t\t\t<\/div>\n\t\t","protected":false},"excerpt":{"rendered":"<p>Sport samochody, samoloty i inne maszyny lataj\u0105ce Talerz &#8211; &#8222;The dragonfly&#8221;s ghost&#8221;, r\u0119cznie malowana porcelana, \u015brednica 29,5 cm, niedost\u0119pny Talerz [&hellip;]<\/p>\n","protected":false},"author":2,"featured_media":0,"parent":0,"menu_order":0,"comment_status":"closed","ping_status":"closed","template":"","meta":{"site-sidebar-layout":"no-sidebar","site-content-layout":"","ast-site-content-layout":"full-width-container","site-content-style":"default","site-sidebar-style":"default","ast-global-header-display":"","ast-banner-title-visibility":"","ast-main-header-display":"","ast-hfb-above-header-display":"","ast-hfb-below-header-display":"","ast-hfb-mobile-header-display":"","site-post-title":"disabled","ast-breadcrumbs-content":"","ast-featured-img":"disabled","footer-sml-layout":"","theme-transparent-header-meta":"","adv-header-id-meta":"","stick-header-meta":"","header-above-stick-meta":"","header-main-stick-meta":"","header-below-stick-meta":"","astra-migrate-meta-layouts":"default","ast-page-background-enabled":"default","ast-page-background-meta":{"desktop":{"background-color":"var(--ast-global-color-5)","background-image":"","background-repeat":"repeat","background-position":"center center","background-size":"auto","background-attachment":"scroll","background-type":"","background-media":"","overlay-type":"","overlay-color":"","overlay-opacity":"","overlay-gradient":""},"tablet":{"background-color":"","background-image":"","background-repeat":"repeat","background-position":"center center","background-size":"auto","background-attachment":"scroll","background-type":"","background-media":"","overlay-type":"","overlay-color":"","overlay-opacity":"","overlay-gradient":""},"mobile":{"background-color":"","background-image":"","background-repeat":"repeat","background-position":"center center","background-size":"auto","background-attachment":"scroll","background-type":"","background-media":"","overlay-type":"","overlay-color":"","overlay-opacity":"","overlay-gradient":""}},"ast-content-background-meta":{"desktop":{"background-color":"var(--ast-global-color-4)","background-image":"","background-repeat":"repeat","background-position":"center center","background-size":"auto","background-attachment":"scroll","background-type":"","background-media":"","overlay-type":"","overlay-color":"","overlay-opacity":"","overlay-gradient":""},"tablet":{"background-color":"var(--ast-global-color-4)","background-image":"","background-repeat":"repeat","background-position":"center center","background-size":"auto","background-attachment":"scroll","background-type":"","background-media":"","overlay-type":"","overlay-color":"","overlay-opacity":"","overlay-gradient":""},"mobile":{"background-color":"var(--ast-global-color-4)","background-image":"","background-repeat":"repeat","background-position":"center center","background-size":"auto","background-attachment":"scroll","background-type":"","background-media":"","overlay-type":"","overlay-color":"","overlay-opacity":"","overlay-gradient":""}},"footnotes":""},"class_list":["post-192","page","type-page","status-publish","hentry"],"yoast_head":"<!-- This site is optimized with the Yoast SEO plugin v24.3 - https:\/\/yoast.com\/wordpress\/plugins\/seo\/ -->\n<title>Sport i maszyny - Blue Bird<\/title>\n<meta name=\"description\" content=\"Blue Bird Pracownia Plastyczna. Przedstawiamy nasz\u0105 ofert\u0119 r\u0119cznie wykonywanej sztuki. Porcelana r\u0119cznie malowana, obrazy, renowacje, rze\u017aba\" \/>\n<meta name=\"robots\" content=\"index, follow, max-snippet:-1, max-image-preview:large, max-video-preview:-1\" \/>\n<link rel=\"canonical\" href=\"https:\/\/blue-bird.pl\/index.php\/sport-i-maszyny\/\" \/>\n<meta property=\"og:locale\" content=\"pl_PL\" \/>\n<meta property=\"og:type\" content=\"article\" \/>\n<meta property=\"og:title\" content=\"Sport i maszyny\" \/>\n<meta property=\"og:description\" content=\"Blue Bird Pracownia Plastyczna. Przedstawiamy nasz\u0105 ofert\u0119 r\u0119cznie wykonywanej sztuki. Porcelana r\u0119cznie malowana, obrazy, renowacje, rze\u017aba\" \/>\n<meta property=\"og:url\" content=\"https:\/\/blue-bird.pl\/index.php\/sport-i-maszyny\/\" \/>\n<meta property=\"og:site_name\" content=\"Blue Bird\" \/>\n<meta property=\"article:modified_time\" content=\"2025-01-30T18:33:49+00:00\" \/>\n<meta property=\"og:image\" content=\"https:\/\/blue-bird.pl\/wp-content\/uploads\/2025\/01\/Pelikan-2.png\" \/>\n\t<meta property=\"og:image:width\" content=\"417\" \/>\n\t<meta property=\"og:image:height\" content=\"416\" \/>\n\t<meta property=\"og:image:type\" content=\"image\/png\" \/>\n<meta name=\"twitter:card\" content=\"summary_large_image\" \/>\n<meta name=\"twitter:title\" content=\"Sport i maszyny\" \/>\n<meta name=\"twitter:description\" content=\"Blue Bird Pracownia Plastyczna. Przedstawiamy nasz\u0105 ofert\u0119 r\u0119cznie wykonywanej sztuki. Porcelana r\u0119cznie malowana, obrazy, renowacje, rze\u017aba\" \/>\n<meta name=\"twitter:image\" content=\"https:\/\/blue-bird.pl\/wp-content\/uploads\/2025\/01\/Pelikan-2.png\" \/>\n<meta name=\"twitter:label1\" content=\"Szacowany czas czytania\" \/>\n\t<meta name=\"twitter:data1\" content=\"1 minuta\" \/>\n<script type=\"application\/ld+json\" class=\"yoast-schema-graph\">{\"@context\":\"https:\/\/schema.org\",\"@graph\":[{\"@type\":\"WebPage\",\"@id\":\"https:\/\/blue-bird.pl\/index.php\/sport-i-maszyny\/\",\"url\":\"https:\/\/blue-bird.pl\/index.php\/sport-i-maszyny\/\",\"name\":\"Sport i maszyny - Blue Bird\",\"isPartOf\":{\"@id\":\"https:\/\/blue-bird.pl\/#website\"},\"primaryImageOfPage\":{\"@id\":\"https:\/\/blue-bird.pl\/index.php\/sport-i-maszyny\/#primaryimage\"},\"image\":{\"@id\":\"https:\/\/blue-bird.pl\/index.php\/sport-i-maszyny\/#primaryimage\"},\"thumbnailUrl\":\"https:\/\/blue-bird.pl\/wp-content\/uploads\/2025\/01\/1-1-225x300.jpg\",\"datePublished\":\"2025-01-21T14:44:13+00:00\",\"dateModified\":\"2025-01-30T18:33:49+00:00\",\"description\":\"Blue Bird Pracownia Plastyczna. Przedstawiamy nasz\u0105 ofert\u0119 r\u0119cznie wykonywanej sztuki. Porcelana r\u0119cznie malowana, obrazy, renowacje, rze\u017aba\",\"breadcrumb\":{\"@id\":\"https:\/\/blue-bird.pl\/index.php\/sport-i-maszyny\/#breadcrumb\"},\"inLanguage\":\"pl-PL\",\"potentialAction\":[{\"@type\":\"ReadAction\",\"target\":[\"https:\/\/blue-bird.pl\/index.php\/sport-i-maszyny\/\"]}]},{\"@type\":\"ImageObject\",\"inLanguage\":\"pl-PL\",\"@id\":\"https:\/\/blue-bird.pl\/index.php\/sport-i-maszyny\/#primaryimage\",\"url\":\"https:\/\/blue-bird.pl\/wp-content\/uploads\/2025\/01\/1-1.jpg\",\"contentUrl\":\"https:\/\/blue-bird.pl\/wp-content\/uploads\/2025\/01\/1-1.jpg\",\"width\":449,\"height\":600,\"caption\":\"Talerz - \\\"The dragonfly\\\"s ghost\\\", r\u0119cznie malowana porcelana, \u015brednica 29,5 cm, niedost\u0119pny\"},{\"@type\":\"BreadcrumbList\",\"@id\":\"https:\/\/blue-bird.pl\/index.php\/sport-i-maszyny\/#breadcrumb\",\"itemListElement\":[{\"@type\":\"ListItem\",\"position\":1,\"name\":\"Strona g\u0142\u00f3wna\",\"item\":\"https:\/\/blue-bird.pl\/\"},{\"@type\":\"ListItem\",\"position\":2,\"name\":\"Sport i maszyny\"}]},{\"@type\":\"WebSite\",\"@id\":\"https:\/\/blue-bird.pl\/#website\",\"url\":\"https:\/\/blue-bird.pl\/\",\"name\":\"Blue Bird\",\"description\":\"Pracownia Plastyczna\",\"publisher\":{\"@id\":\"https:\/\/blue-bird.pl\/#organization\"},\"potentialAction\":[{\"@type\":\"SearchAction\",\"target\":{\"@type\":\"EntryPoint\",\"urlTemplate\":\"https:\/\/blue-bird.pl\/?s={search_term_string}\"},\"query-input\":{\"@type\":\"PropertyValueSpecification\",\"valueRequired\":true,\"valueName\":\"search_term_string\"}}],\"inLanguage\":\"pl-PL\"},{\"@type\":\"Organization\",\"@id\":\"https:\/\/blue-bird.pl\/#organization\",\"name\":\"Blue Bird\",\"url\":\"https:\/\/blue-bird.pl\/\",\"logo\":{\"@type\":\"ImageObject\",\"inLanguage\":\"pl-PL\",\"@id\":\"https:\/\/blue-bird.pl\/#\/schema\/logo\/image\/\",\"url\":\"https:\/\/blue-bird.pl\/wp-content\/uploads\/2025\/01\/cropped-Pelikan-2-1.png\",\"contentUrl\":\"https:\/\/blue-bird.pl\/wp-content\/uploads\/2025\/01\/cropped-Pelikan-2-1.png\",\"width\":269,\"height\":294,\"caption\":\"Blue Bird\"},\"image\":{\"@id\":\"https:\/\/blue-bird.pl\/#\/schema\/logo\/image\/\"}}]}<\/script>\n<!-- \/ Yoast SEO plugin. -->","yoast_head_json":{"title":"Sport i maszyny - Blue Bird","description":"Blue Bird Pracownia Plastyczna. Przedstawiamy nasz\u0105 ofert\u0119 r\u0119cznie wykonywanej sztuki. Porcelana r\u0119cznie malowana, obrazy, renowacje, rze\u017aba","robots":{"index":"index","follow":"follow","max-snippet":"max-snippet:-1","max-image-preview":"max-image-preview:large","max-video-preview":"max-video-preview:-1"},"canonical":"https:\/\/blue-bird.pl\/index.php\/sport-i-maszyny\/","og_locale":"pl_PL","og_type":"article","og_title":"Sport i maszyny","og_description":"Blue Bird Pracownia Plastyczna. Przedstawiamy nasz\u0105 ofert\u0119 r\u0119cznie wykonywanej sztuki. Porcelana r\u0119cznie malowana, obrazy, renowacje, rze\u017aba","og_url":"https:\/\/blue-bird.pl\/index.php\/sport-i-maszyny\/","og_site_name":"Blue Bird","article_modified_time":"2025-01-30T18:33:49+00:00","og_image":[{"width":417,"height":416,"url":"https:\/\/blue-bird.pl\/wp-content\/uploads\/2025\/01\/Pelikan-2.png","type":"image\/png"}],"twitter_card":"summary_large_image","twitter_title":"Sport i maszyny","twitter_description":"Blue Bird Pracownia Plastyczna. Przedstawiamy nasz\u0105 ofert\u0119 r\u0119cznie wykonywanej sztuki. Porcelana r\u0119cznie malowana, obrazy, renowacje, rze\u017aba","twitter_image":"https:\/\/blue-bird.pl\/wp-content\/uploads\/2025\/01\/Pelikan-2.png","twitter_misc":{"Szacowany czas czytania":"1 minuta"},"schema":{"@context":"https:\/\/schema.org","@graph":[{"@type":"WebPage","@id":"https:\/\/blue-bird.pl\/index.php\/sport-i-maszyny\/","url":"https:\/\/blue-bird.pl\/index.php\/sport-i-maszyny\/","name":"Sport i maszyny - Blue Bird","isPartOf":{"@id":"https:\/\/blue-bird.pl\/#website"},"primaryImageOfPage":{"@id":"https:\/\/blue-bird.pl\/index.php\/sport-i-maszyny\/#primaryimage"},"image":{"@id":"https:\/\/blue-bird.pl\/index.php\/sport-i-maszyny\/#primaryimage"},"thumbnailUrl":"https:\/\/blue-bird.pl\/wp-content\/uploads\/2025\/01\/1-1-225x300.jpg","datePublished":"2025-01-21T14:44:13+00:00","dateModified":"2025-01-30T18:33:49+00:00","description":"Blue Bird Pracownia Plastyczna. Przedstawiamy nasz\u0105 ofert\u0119 r\u0119cznie wykonywanej sztuki. Porcelana r\u0119cznie malowana, obrazy, renowacje, rze\u017aba","breadcrumb":{"@id":"https:\/\/blue-bird.pl\/index.php\/sport-i-maszyny\/#breadcrumb"},"inLanguage":"pl-PL","potentialAction":[{"@type":"ReadAction","target":["https:\/\/blue-bird.pl\/index.php\/sport-i-maszyny\/"]}]},{"@type":"ImageObject","inLanguage":"pl-PL","@id":"https:\/\/blue-bird.pl\/index.php\/sport-i-maszyny\/#primaryimage","url":"https:\/\/blue-bird.pl\/wp-content\/uploads\/2025\/01\/1-1.jpg","contentUrl":"https:\/\/blue-bird.pl\/wp-content\/uploads\/2025\/01\/1-1.jpg","width":449,"height":600,"caption":"Talerz - \"The dragonfly\"s ghost\", r\u0119cznie malowana porcelana, \u015brednica 29,5 cm, niedost\u0119pny"},{"@type":"BreadcrumbList","@id":"https:\/\/blue-bird.pl\/index.php\/sport-i-maszyny\/#breadcrumb","itemListElement":[{"@type":"ListItem","position":1,"name":"Strona g\u0142\u00f3wna","item":"https:\/\/blue-bird.pl\/"},{"@type":"ListItem","position":2,"name":"Sport i maszyny"}]},{"@type":"WebSite","@id":"https:\/\/blue-bird.pl\/#website","url":"https:\/\/blue-bird.pl\/","name":"Blue Bird","description":"Pracownia Plastyczna","publisher":{"@id":"https:\/\/blue-bird.pl\/#organization"},"potentialAction":[{"@type":"SearchAction","target":{"@type":"EntryPoint","urlTemplate":"https:\/\/blue-bird.pl\/?s={search_term_string}"},"query-input":{"@type":"PropertyValueSpecification","valueRequired":true,"valueName":"search_term_string"}}],"inLanguage":"pl-PL"},{"@type":"Organization","@id":"https:\/\/blue-bird.pl\/#organization","name":"Blue Bird","url":"https:\/\/blue-bird.pl\/","logo":{"@type":"ImageObject","inLanguage":"pl-PL","@id":"https:\/\/blue-bird.pl\/#\/schema\/logo\/image\/","url":"https:\/\/blue-bird.pl\/wp-content\/uploads\/2025\/01\/cropped-Pelikan-2-1.png","contentUrl":"https:\/\/blue-bird.pl\/wp-content\/uploads\/2025\/01\/cropped-Pelikan-2-1.png","width":269,"height":294,"caption":"Blue Bird"},"image":{"@id":"https:\/\/blue-bird.pl\/#\/schema\/logo\/image\/"}}]}},"_links":{"self":[{"href":"https:\/\/blue-bird.pl\/index.php\/wp-json\/wp\/v2\/pages\/192","targetHints":{"allow":["GET"]}}],"collection":[{"href":"https:\/\/blue-bird.pl\/index.php\/wp-json\/wp\/v2\/pages"}],"about":[{"href":"https:\/\/blue-bird.pl\/index.php\/wp-json\/wp\/v2\/types\/page"}],"author":[{"embeddable":true,"href":"https:\/\/blue-bird.pl\/index.php\/wp-json\/wp\/v2\/users\/2"}],"replies":[{"embeddable":true,"href":"https:\/\/blue-bird.pl\/index.php\/wp-json\/wp\/v2\/comments?post=192"}],"version-history":[{"count":38,"href":"https:\/\/blue-bird.pl\/index.php\/wp-json\/wp\/v2\/pages\/192\/revisions"}],"predecessor-version":[{"id":1679,"href":"https:\/\/blue-bird.pl\/index.php\/wp-json\/wp\/v2\/pages\/192\/revisions\/1679"}],"wp:attachment":[{"href":"https:\/\/blue-bird.pl\/index.php\/wp-json\/wp\/v2\/media?parent=192"}],"curies":[{"name":"wp","href":"https:\/\/api.w.org\/{rel}","templated":true}]}}